{"id":1638,"date":"2026-05-07T10:27:56","date_gmt":"2026-05-07T14:27:56","guid":{"rendered":"https:\/\/kingmkt.com\/politique-daccessibilite\/"},"modified":"2026-05-07T10:31:13","modified_gmt":"2026-05-07T14:31:13","slug":"politique-daccessibilite","status":"publish","type":"page","link":"https:\/\/kingmkt.com\/fr\/politique-daccessibilite\/","title":{"rendered":"Politique d&rsquo;accessibilit\u00e9"},"content":{"rendered":"<section  class='av_textblock_section av-lu84tv5h-9d41e8ad24a222e4b180a300799ecf09 '   itemscope=\"itemscope\" itemtype=\"https:\/\/schema.org\/CreativeWork\" ><div class='avia_textblock'  itemprop=\"text\" ><h2 data-section-id=\"7la8s3\" data-start=\"100\" data-end=\"130\">Engagement en faveur de l&rsquo;accessibilit\u00e9<\/h2>\n<p data-start=\"132\" data-end=\"397\">King Marketing Ltd. s&rsquo;engage \u00e0 traiter tous les individus d&rsquo;une mani\u00e8re qui leur permette de conserver leur dignit\u00e9 et leur ind\u00e9pendance. Nous croyons \u00e0 l&rsquo;int\u00e9gration et \u00e0 l&rsquo;\u00e9galit\u00e9 des chances et nous nous engageons \u00e0 r\u00e9pondre aux besoins des personnes handicap\u00e9es en temps opportun. <\/p>\n<p data-start=\"399\" data-end=\"633\">Nous le ferons en pr\u00e9venant et en supprimant les obstacles \u00e0 l&rsquo;accessibilit\u00e9 et en respectant les exigences de la loi de 2005 sur l&rsquo;accessibilit\u00e9 pour les personnes handicap\u00e9es de l&rsquo;Ontario (\u00ab\u00a0AODA\u00a0\u00bb) et du r\u00e8glement sur les normes d&rsquo;accessibilit\u00e9 int\u00e9gr\u00e9es (\u00ab\u00a0IASR\u00a0\u00bb).<\/p>\n<hr data-start=\"635\" data-end=\"638\">\n<h1 data-section-id=\"1hojgs9\" data-start=\"640\" data-end=\"669\">Un service \u00e0 la client\u00e8le accessible<\/h1>\n<p data-start=\"671\" data-end=\"780\">King Marketing Ltd. s&rsquo;engage \u00e0 servir avec excellence tous les clients, y compris les personnes handicap\u00e9es.<\/p>\n<p data-start=\"782\" data-end=\"790\">Nous le ferons :<\/p>\n<ul data-start=\"792\" data-end=\"1245\">\n<li data-section-id=\"18nikag\" data-start=\"792\" data-end=\"884\">Communiquer avec les personnes handicap\u00e9es en tenant compte de leur handicap.<\/li>\n<li data-section-id=\"opzqpz\" data-start=\"885\" data-end=\"944\">Servir les personnes handicap\u00e9es qui utilisent des appareils d&rsquo;assistance.<\/li>\n<li data-section-id=\"5herle\" data-start=\"945\" data-end=\"1014\">Bienvenue aux personnes qui accompagnent les personnes handicap\u00e9es.<\/li>\n<li data-section-id=\"g0n1cj\" data-start=\"1015\" data-end=\"1129\">Accueillir les animaux d&rsquo;assistance dans les parties de nos locaux qui sont ouvertes au public, sauf si la loi l&rsquo;interdit.<\/li>\n<li data-section-id=\"1srzon5\" data-start=\"1130\" data-end=\"1245\">Notifier les perturbations temporaires affectant les services ou installations accessibles chaque fois que cela est raisonnablement possible.<\/li>\n<\/ul>\n<hr data-start=\"1247\" data-end=\"1250\">\n<h1 data-section-id=\"1q6lieq\" data-start=\"1252\" data-end=\"1284\">Information et communications<\/h1>\n<p data-start=\"1286\" data-end=\"1403\">King Marketing Ltd. s&rsquo;engage \u00e0 rendre ses informations et ses communications accessibles aux personnes handicap\u00e9es.<\/p>\n<p data-start=\"1405\" data-end=\"1634\">Sur demande, nous fournirons ou ferons fournir des formats accessibles et des supports de communication aux personnes handicap\u00e9es en temps utile et \u00e0 un co\u00fbt qui ne sera pas sup\u00e9rieur au co\u00fbt normal factur\u00e9 \u00e0 d&rsquo;autres personnes.<\/p>\n<p data-start=\"1636\" data-end=\"1769\">Nous consulterons la personne qui fait la demande pour d\u00e9terminer si un format accessible ou un support de communication est appropri\u00e9.<\/p>\n<p data-start=\"1771\" data-end=\"1922\">Notre site web et son contenu s&rsquo;efforceront de se conformer aux exigences des lignes directrices pour l&rsquo;accessibilit\u00e9 des contenus web (WCAG), comme l&rsquo;exige la LAPHO.<\/p>\n<hr data-start=\"1924\" data-end=\"1927\">\n<h1 data-section-id=\"1h17k1k\" data-start=\"1929\" data-end=\"1955\">Accessibilit\u00e9 \u00e0 l&#8217;emploi<\/h1>\n<p data-start=\"1957\" data-end=\"2034\">King Marketing Ltd. s&rsquo;engage \u00e0 mettre en \u0153uvre des pratiques d&#8217;emploi \u00e9quitables et accessibles.<\/p>\n<p data-start=\"2036\" data-end=\"2044\">Nous le ferons :<\/p>\n<ul data-start=\"2046\" data-end=\"2586\">\n<li data-section-id=\"jwzod2\" data-start=\"2046\" data-end=\"2185\">Informer les employ\u00e9s et les candidats de la disponibilit\u00e9 d&rsquo;am\u00e9nagements pour les candidats handicap\u00e9s au cours du processus de recrutement.<\/li>\n<li data-section-id=\"n887ah\" data-start=\"2186\" data-end=\"2250\">Fournir, sur demande, des am\u00e9nagements au cours de la proc\u00e9dure d&#8217;embauche.<\/li>\n<li data-section-id=\"z9brgv\" data-start=\"2251\" data-end=\"2321\">Informer les employ\u00e9s des politiques de soutien aux employ\u00e9s handicap\u00e9s.<\/li>\n<li data-section-id=\"1kqs1fo\" data-start=\"2322\" data-end=\"2403\">\u00c9laborer des informations personnalis\u00e9es sur les mesures d&rsquo;urgence \u00e0 prendre sur le lieu de travail, le cas \u00e9ch\u00e9ant.<\/li>\n<li data-section-id=\"1uoarya\" data-start=\"2404\" data-end=\"2467\">Soutenir les processus de retour au travail accessibles, le cas \u00e9ch\u00e9ant.<\/li>\n<li data-section-id=\"abuws6\" data-start=\"2468\" data-end=\"2586\">Tenir compte des besoins en mati\u00e8re d&rsquo;accessibilit\u00e9 dans les processus de gestion des performances, d&rsquo;\u00e9volution de carri\u00e8re et de red\u00e9ploiement.<\/li>\n<\/ul>\n<hr data-start=\"2588\" data-end=\"2591\">\n<h1 data-section-id=\"o6rlwm\" data-start=\"2593\" data-end=\"2603\">Formation<\/h1>\n<p data-start=\"2605\" data-end=\"2785\">King Marketing Ltd. fournira une formation en mati\u00e8re d&rsquo;accessibilit\u00e9 aux employ\u00e9s, aux sous-traitants et aux autres personnes qui interagissent avec le public ou qui participent \u00e0 l&rsquo;\u00e9laboration des politiques de l&rsquo;entreprise.<\/p>\n<p data-start=\"2787\" data-end=\"2809\">La formation comprendra<\/p>\n<ul data-start=\"2811\" data-end=\"3128\">\n<li data-section-id=\"9bcdrb\" data-start=\"2811\" data-end=\"2837\">Les objectifs de la LAPHO<\/li>\n<li data-section-id=\"oowqnk\" data-start=\"2838\" data-end=\"2904\">Exigences des normes d&rsquo;accessibilit\u00e9 pour les services \u00e0 la client\u00e8le<\/li>\n<li data-section-id=\"1qae3zl\" data-start=\"2905\" data-end=\"2972\">Exigences du r\u00e8glement sur les normes d&rsquo;accessibilit\u00e9 int\u00e9gr\u00e9es<\/li>\n<li data-section-id=\"1rb5d6q\" data-start=\"2973\" data-end=\"3047\">Le code des droits de l&rsquo;homme de l&rsquo;Ontario en ce qui concerne les personnes handicap\u00e9es<\/li>\n<li data-section-id=\"8vs5nt\" data-start=\"3048\" data-end=\"3128\">Comment interagir et communiquer avec des personnes souffrant de diff\u00e9rents types de handicaps ?<\/li>\n<\/ul>\n<p data-start=\"3130\" data-end=\"3226\">La formation sera dispens\u00e9e d\u00e8s que possible et mise \u00e0 jour en fonction des changements l\u00e9gislatifs.<\/p>\n<p data-start=\"3228\" data-end=\"3286\">Les dossiers de formation seront conserv\u00e9s comme l&rsquo;exige la loi.<\/p>\n<hr data-start=\"3288\" data-end=\"3291\">\n<h1 data-section-id=\"a484k\" data-start=\"3293\" data-end=\"3311\">Processus de retour d&rsquo;information<\/h1>\n<p data-start=\"3313\" data-end=\"3448\">King Marketing Ltd. accueille favorablement les commentaires concernant l&rsquo;accessibilit\u00e9 et la mani\u00e8re dont nous fournissons des services aux personnes handicap\u00e9es.<\/p>\n<p data-start=\"3450\" data-end=\"3505\">Le retour d&rsquo;information peut \u00eatre fourni par les m\u00e9thodes suivantes :<\/p>\n<p data-start=\"3507\" data-end=\"3614\"><strong data-start=\"3507\" data-end=\"3517\">Courriel :<\/strong> <a class=\"decorated-link cursor-pointer\" rel=\"noopener\" data-start=\"3518\" data-end=\"3534\">info@kingmkt.com<\/a><br data-start=\"3534\" data-end=\"3537\"><strong data-start=\"3537\" data-end=\"3547\">T\u00e9l\u00e9phone :<\/strong> 1-877-844-5464<br data-start=\"3569\" data-end=\"3572\"><strong data-start=\"3572\" data-end=\"3581\">Courrier :<\/strong> 4-2905 Argentia Rd, Mississauga, ON, L5N 8G6, Canada<\/p>\n<p data-start=\"3616\" data-end=\"3702\">Les demandes d&rsquo;informations en retour et les plaintes seront examin\u00e9es et feront l&rsquo;objet d&rsquo;une r\u00e9ponse dans les meilleurs d\u00e9lais.<\/p>\n<p data-start=\"3704\" data-end=\"3802\">Des formats accessibles et des supports de communication pour le processus de retour d&rsquo;information sont disponibles sur demande.<\/p>\n<hr data-start=\"3804\" data-end=\"3807\">\n<h1 data-section-id=\"tv2cg8\" data-start=\"3809\" data-end=\"3842\">Avis de perturbations temporaires<\/h1>\n<p data-start=\"3844\" data-end=\"4005\">En cas de perturbation planifi\u00e9e ou inattendue des services ou des installations utilis\u00e9s par les personnes handicap\u00e9es, King Marketing Ltd. vous en informera rapidement.<\/p>\n<p data-start=\"4007\" data-end=\"4031\">L&rsquo;avis comprendra :<\/p>\n<ul data-start=\"4033\" data-end=\"4138\">\n<li data-section-id=\"1om4c2q\" data-start=\"4033\" data-end=\"4064\">La raison de la perturbation<\/li>\n<li data-section-id=\"1xcwezu\" data-start=\"4065\" data-end=\"4087\">Dur\u00e9e pr\u00e9vue<\/li>\n<li data-section-id=\"78pebx\" data-start=\"4088\" data-end=\"4138\">Installations ou services alternatifs, le cas \u00e9ch\u00e9ant<\/li>\n<\/ul>\n<p data-start=\"4140\" data-end=\"4230\">L&rsquo;avis peut \u00eatre affich\u00e9 sur notre site web, dans nos locaux ou par d&rsquo;autres moyens raisonnables.<\/p>\n<hr data-start=\"4232\" data-end=\"4235\">\n<h1 data-section-id=\"1eozptc\" data-start=\"4237\" data-end=\"4268\">Plan pluriannuel d&rsquo;accessibilit\u00e9<\/h1>\n<p data-start=\"4270\" data-end=\"4459\">King Marketing Ltd. s&rsquo;engage \u00e0 \u00e9laborer et \u00e0 tenir \u00e0 jour un plan d&rsquo;accessibilit\u00e9 pluriannuel d\u00e9crivant notre strat\u00e9gie de pr\u00e9vention et de suppression des obstacles et de respect de nos obligations en vertu de la LAPHO.<\/p>\n<p data-start=\"4461\" data-end=\"4590\">Le plan d&rsquo;accessibilit\u00e9 sera revu et mis \u00e0 jour p\u00e9riodiquement et sera mis \u00e0 disposition sur demande dans un format accessible.<\/p>\n<hr data-start=\"4592\" data-end=\"4595\">\n<h1 data-section-id=\"eewezt\" data-start=\"4597\" data-end=\"4630\">Demandes de formats accessibles<\/h1>\n<p data-start=\"4632\" data-end=\"4747\">Les personnes peuvent demander des formats accessibles et des supports de communication en nous contactant \u00e0 l&rsquo;aide des informations ci-dessous :<\/p>\n<p data-start=\"4749\" data-end=\"4857\"><strong data-start=\"4749\" data-end=\"4759\">Courriel :<\/strong> <a class=\"decorated-link cursor-pointer\" rel=\"noopener\" data-start=\"4760\" data-end=\"4776\">info@kingmkt.com<\/a><br data-start=\"4776\" data-end=\"4779\"><strong data-start=\"4779\" data-end=\"4791\">Site web :<\/strong> <a class=\"decorated-link\" href=\"https:\/\/kingmkt.com?utm_source=chatgpt.com\" target=\"_new\" rel=\"noopener\" data-start=\"4792\" data-end=\"4857\">King Marketing Ltd.<\/a><\/p>\n<p data-start=\"4859\" data-end=\"4976\">Nous collaborerons avec la personne concern\u00e9e pour lui fournir des formats accessibles ou des supports de communication appropri\u00e9s en temps opportun.<\/p>\n<hr data-start=\"4978\" data-end=\"4981\">\n<h1 data-section-id=\"11ffwgs\" data-start=\"4983\" data-end=\"4998\">Examen des politiques<\/h1>\n<p data-start=\"5000\" data-end=\"5144\">Cette politique sera r\u00e9examin\u00e9e et mise \u00e0 jour si n\u00e9cessaire afin de garantir une conformit\u00e9 permanente avec la l\u00e9gislation applicable en mati\u00e8re d&rsquo;accessibilit\u00e9 et les meilleures pratiques.<\/p>\n<hr data-start=\"5146\" data-end=\"5149\">\n<h1 data-section-id=\"2b5ulm\" data-start=\"5151\" data-end=\"5172\">Informations sur le contact<\/h1>\n<p data-start=\"5174\" data-end=\"5286\">Si vous avez des questions sur cette politique ou si vous avez besoin de formats accessibles ou de supports de communication, veuillez contacter<\/p>\n<p data-start=\"5288\" data-end=\"5468\" data-is-last-node=\"\" data-is-only-node=\"\"><strong data-start=\"5288\" data-end=\"5311\">King Marketing Ltd.<\/strong><br data-start=\"5311\" data-end=\"5314\"><a class=\"decorated-link\" href=\"https:\/\/kingmkt.com?utm_source=chatgpt.com\" target=\"_new\" rel=\"noopener\" data-start=\"5314\" data-end=\"5375\">www.kingmkt.com<\/a><br data-start=\"5375\" data-end=\"5378\">Courriel : <a class=\"decorated-link cursor-pointer\" rel=\"noopener\" data-start=\"5385\" data-end=\"5401\">info@kingmkt.com<\/a><br data-start=\"5401\" data-end=\"5404\">T\u00e9l\u00e9phone : 1-877-844-5464<br data-start=\"5432\" data-end=\"5435\">Adresse : 4-2905 Argentia Rd, Mississauga, ON, L5N 8G6, Canada<\/p>\n<\/div><\/section>\n","protected":false},"excerpt":{"rendered":"","protected":false},"author":4,"featured_media":0,"parent":0,"menu_order":0,"comment_status":"closed","ping_status":"open","template":"","meta":{"footnotes":""},"class_list":["post-1638","page","type-page","status-publish","hentry"],"yoast_head":"<!-- This site is optimized with the Yoast SEO plugin v27.5 - https:\/\/yoast.com\/product\/yoast-seo-wordpress\/ -->\n<title>Politique d&#039;accessibilit\u00e9 - King Marketing<\/title>\n<meta name=\"robots\" content=\"index, follow, max-snippet:-1, max-image-preview:large, max-video-preview:-1\" \/>\n<link rel=\"canonical\" href=\"https:\/\/kingmkt.com\/fr\/politique-daccessibilite\/\" \/>\n<meta property=\"og:locale\" content=\"fr_FR\" \/>\n<meta property=\"og:type\" content=\"article\" \/>\n<meta property=\"og:title\" content=\"Politique d&#039;accessibilit\u00e9 - King Marketing\" \/>\n<meta property=\"og:url\" content=\"https:\/\/kingmkt.com\/fr\/politique-daccessibilite\/\" \/>\n<meta property=\"og:site_name\" content=\"King Marketing\" \/>\n<meta property=\"article:publisher\" content=\"https:\/\/www.facebook.com\/yourbrandchampion\" \/>\n<meta property=\"article:modified_time\" content=\"2026-05-07T14:31:13+00:00\" \/>\n<meta name=\"twitter:card\" content=\"summary_large_image\" \/>\n<meta name=\"twitter:site\" content=\"@OfficialKingMkt\" \/>\n<meta name=\"twitter:label1\" content=\"Dur\u00e9e de lecture estim\u00e9e\" \/>\n\t<meta name=\"twitter:data1\" content=\"5 minutes\" \/>\n<script type=\"application\/ld+json\" class=\"yoast-schema-graph\">{\"@context\":\"https:\\\/\\\/schema.org\",\"@graph\":[{\"@type\":\"WebPage\",\"@id\":\"https:\\\/\\\/kingmkt.com\\\/fr\\\/politique-daccessibilite\\\/\",\"url\":\"https:\\\/\\\/kingmkt.com\\\/fr\\\/politique-daccessibilite\\\/\",\"name\":\"Politique d'accessibilit\u00e9 - King Marketing\",\"isPartOf\":{\"@id\":\"https:\\\/\\\/kingmkt.com\\\/fr\\\/#website\"},\"datePublished\":\"2026-05-07T14:27:56+00:00\",\"dateModified\":\"2026-05-07T14:31:13+00:00\",\"breadcrumb\":{\"@id\":\"https:\\\/\\\/kingmkt.com\\\/fr\\\/politique-daccessibilite\\\/#breadcrumb\"},\"inLanguage\":\"fr-FR\",\"potentialAction\":[{\"@type\":\"ReadAction\",\"target\":[\"https:\\\/\\\/kingmkt.com\\\/fr\\\/politique-daccessibilite\\\/\"]}]},{\"@type\":\"BreadcrumbList\",\"@id\":\"https:\\\/\\\/kingmkt.com\\\/fr\\\/politique-daccessibilite\\\/#breadcrumb\",\"itemListElement\":[{\"@type\":\"ListItem\",\"position\":1,\"name\":\"Home\",\"item\":\"https:\\\/\\\/kingmkt.com\\\/fr\\\/\"},{\"@type\":\"ListItem\",\"position\":2,\"name\":\"Politique d&#8217;accessibilit\u00e9\"}]},{\"@type\":\"WebSite\",\"@id\":\"https:\\\/\\\/kingmkt.com\\\/fr\\\/#website\",\"url\":\"https:\\\/\\\/kingmkt.com\\\/fr\\\/\",\"name\":\"King Marketing\",\"description\":\"Home Improvement Sales and Merchandising Services\",\"publisher\":{\"@id\":\"https:\\\/\\\/kingmkt.com\\\/fr\\\/#organization\"},\"potentialAction\":[{\"@type\":\"SearchAction\",\"target\":{\"@type\":\"EntryPoint\",\"urlTemplate\":\"https:\\\/\\\/kingmkt.com\\\/fr\\\/?s={search_term_string}\"},\"query-input\":{\"@type\":\"PropertyValueSpecification\",\"valueRequired\":true,\"valueName\":\"search_term_string\"}}],\"inLanguage\":\"fr-FR\"},{\"@type\":\"Organization\",\"@id\":\"https:\\\/\\\/kingmkt.com\\\/fr\\\/#organization\",\"name\":\"King Marketing\",\"url\":\"https:\\\/\\\/kingmkt.com\\\/fr\\\/\",\"logo\":{\"@type\":\"ImageObject\",\"inLanguage\":\"fr-FR\",\"@id\":\"https:\\\/\\\/kingmkt.com\\\/fr\\\/#\\\/schema\\\/logo\\\/image\\\/\",\"url\":\"https:\\\/\\\/kingmkt.com\\\/wp-content\\\/uploads\\\/2024\\\/07\\\/KM-Logo-1.png\",\"contentUrl\":\"https:\\\/\\\/kingmkt.com\\\/wp-content\\\/uploads\\\/2024\\\/07\\\/KM-Logo-1.png\",\"width\":512,\"height\":512,\"caption\":\"King Marketing\"},\"image\":{\"@id\":\"https:\\\/\\\/kingmkt.com\\\/fr\\\/#\\\/schema\\\/logo\\\/image\\\/\"},\"sameAs\":[\"https:\\\/\\\/www.facebook.com\\\/yourbrandchampion\",\"https:\\\/\\\/x.com\\\/OfficialKingMkt\",\"https:\\\/\\\/www.linkedin.com\\\/company\\\/king-marketing-ltd\\\/\"]}]}<\/script>\n<!-- \/ Yoast SEO plugin. -->","yoast_head_json":{"title":"Politique d'accessibilit\u00e9 - King Marketing","robots":{"index":"index","follow":"follow","max-snippet":"max-snippet:-1","max-image-preview":"max-image-preview:large","max-video-preview":"max-video-preview:-1"},"canonical":"https:\/\/kingmkt.com\/fr\/politique-daccessibilite\/","og_locale":"fr_FR","og_type":"article","og_title":"Politique d'accessibilit\u00e9 - King Marketing","og_url":"https:\/\/kingmkt.com\/fr\/politique-daccessibilite\/","og_site_name":"King Marketing","article_publisher":"https:\/\/www.facebook.com\/yourbrandchampion","article_modified_time":"2026-05-07T14:31:13+00:00","twitter_card":"summary_large_image","twitter_site":"@OfficialKingMkt","twitter_misc":{"Dur\u00e9e de lecture estim\u00e9e":"5 minutes"},"schema":{"@context":"https:\/\/schema.org","@graph":[{"@type":"WebPage","@id":"https:\/\/kingmkt.com\/fr\/politique-daccessibilite\/","url":"https:\/\/kingmkt.com\/fr\/politique-daccessibilite\/","name":"Politique d'accessibilit\u00e9 - King Marketing","isPartOf":{"@id":"https:\/\/kingmkt.com\/fr\/#website"},"datePublished":"2026-05-07T14:27:56+00:00","dateModified":"2026-05-07T14:31:13+00:00","breadcrumb":{"@id":"https:\/\/kingmkt.com\/fr\/politique-daccessibilite\/#breadcrumb"},"inLanguage":"fr-FR","potentialAction":[{"@type":"ReadAction","target":["https:\/\/kingmkt.com\/fr\/politique-daccessibilite\/"]}]},{"@type":"BreadcrumbList","@id":"https:\/\/kingmkt.com\/fr\/politique-daccessibilite\/#breadcrumb","itemListElement":[{"@type":"ListItem","position":1,"name":"Home","item":"https:\/\/kingmkt.com\/fr\/"},{"@type":"ListItem","position":2,"name":"Politique d&#8217;accessibilit\u00e9"}]},{"@type":"WebSite","@id":"https:\/\/kingmkt.com\/fr\/#website","url":"https:\/\/kingmkt.com\/fr\/","name":"King Marketing","description":"Home Improvement Sales and Merchandising Services","publisher":{"@id":"https:\/\/kingmkt.com\/fr\/#organization"},"potentialAction":[{"@type":"SearchAction","target":{"@type":"EntryPoint","urlTemplate":"https:\/\/kingmkt.com\/fr\/?s={search_term_string}"},"query-input":{"@type":"PropertyValueSpecification","valueRequired":true,"valueName":"search_term_string"}}],"inLanguage":"fr-FR"},{"@type":"Organization","@id":"https:\/\/kingmkt.com\/fr\/#organization","name":"King Marketing","url":"https:\/\/kingmkt.com\/fr\/","logo":{"@type":"ImageObject","inLanguage":"fr-FR","@id":"https:\/\/kingmkt.com\/fr\/#\/schema\/logo\/image\/","url":"https:\/\/kingmkt.com\/wp-content\/uploads\/2024\/07\/KM-Logo-1.png","contentUrl":"https:\/\/kingmkt.com\/wp-content\/uploads\/2024\/07\/KM-Logo-1.png","width":512,"height":512,"caption":"King Marketing"},"image":{"@id":"https:\/\/kingmkt.com\/fr\/#\/schema\/logo\/image\/"},"sameAs":["https:\/\/www.facebook.com\/yourbrandchampion","https:\/\/x.com\/OfficialKingMkt","https:\/\/www.linkedin.com\/company\/king-marketing-ltd\/"]}]}},"_links":{"self":[{"href":"https:\/\/kingmkt.com\/fr\/wp-json\/wp\/v2\/pages\/1638","targetHints":{"allow":["GET"]}}],"collection":[{"href":"https:\/\/kingmkt.com\/fr\/wp-json\/wp\/v2\/pages"}],"about":[{"href":"https:\/\/kingmkt.com\/fr\/wp-json\/wp\/v2\/types\/page"}],"author":[{"embeddable":true,"href":"https:\/\/kingmkt.com\/fr\/wp-json\/wp\/v2\/users\/4"}],"replies":[{"embeddable":true,"href":"https:\/\/kingmkt.com\/fr\/wp-json\/wp\/v2\/comments?post=1638"}],"version-history":[{"count":2,"href":"https:\/\/kingmkt.com\/fr\/wp-json\/wp\/v2\/pages\/1638\/revisions"}],"predecessor-version":[{"id":1640,"href":"https:\/\/kingmkt.com\/fr\/wp-json\/wp\/v2\/pages\/1638\/revisions\/1640"}],"wp:attachment":[{"href":"https:\/\/kingmkt.com\/fr\/wp-json\/wp\/v2\/media?parent=1638"}],"curies":[{"name":"wp","href":"https:\/\/api.w.org\/{rel}","templated":true}]}}