{"id":917,"date":"2024-02-21T23:52:55","date_gmt":"2024-02-21T23:52:55","guid":{"rendered":"https:\/\/kingmkt.com\/nouvelles\/"},"modified":"2024-05-07T16:09:11","modified_gmt":"2024-05-07T16:09:11","slug":"nouvelles","status":"publish","type":"page","link":"https:\/\/kingmkt.com\/fr\/nouvelles\/","title":{"rendered":"Nouvelles"},"content":{"rendered":"\n<style type=\"text\/css\" data-created_by=\"avia_inline_auto\" id=\"style-css-av-lubupabr-df53c635151845620419af28f3d48660\">\n.avia-section.av-lubupabr-df53c635151845620419af28f3d48660{\nbackground-repeat:no-repeat;\nbackground-image:url(https:\/\/kingmkt.com\/wp-content\/uploads\/2024\/04\/KM-Category-News-Rev-1-scaled.jpg);\nbackground-position:50% 0%;\nbackground-attachment:scroll;\n}\n.avia-section.av-lubupabr-df53c635151845620419af28f3d48660 .av-section-color-overlay{\nopacity:0.3;\nbackground-color:#000000;\n}\n<\/style>\n<div id='av_section_1'  class='avia-section av-lubupabr-df53c635151845620419af28f3d48660 main_color avia-section-default avia-no-border-styling  avia-builder-el-0  el_before_av_section  avia-builder-el-first  page-title avia-full-stretch avia-bg-style-scroll av-section-color-overlay-active av-minimum-height av-minimum-height-75 av-height-75  container_wrap fullsize'  data-section-bg-repeat='stretch' data-av_minimum_height_pc='75' data-av_min_height_opt='75'><div class=\"av-section-color-overlay-wrap\"><div class=\"av-section-color-overlay\"><\/div><div class='container av-section-cont-open' ><main  role=\"main\" itemprop=\"mainContentOfPage\"  class='template-page content  av-content-full alpha units'><div class='post-entry post-entry-type-page post-entry-917'><div class='entry-content-wrapper clearfix'>\n<div  class='flex_column av-1o1tw-c864459a0a39085ccce2d259bcd28178 av_three_fifth  avia-builder-el-1  avia-builder-el-no-sibling  first flex_column_div  '     ><style type=\"text\/css\" data-created_by=\"avia_inline_auto\" id=\"style-css-av-lubuorlg-88022ea04d5648413d813fc9abf00fed\">\n#top .av-special-heading.av-lubuorlg-88022ea04d5648413d813fc9abf00fed{\npadding-bottom:10px;\ncolor:#ffffff;\n}\nbody .av-special-heading.av-lubuorlg-88022ea04d5648413d813fc9abf00fed .av-special-heading-tag .heading-char{\nfont-size:25px;\n}\n.av-special-heading.av-lubuorlg-88022ea04d5648413d813fc9abf00fed .special-heading-inner-border{\nborder-color:#ffffff;\n}\n.av-special-heading.av-lubuorlg-88022ea04d5648413d813fc9abf00fed .av-subheading{\nfont-size:15px;\n}\n<\/style>\n<div  class='av-special-heading av-lubuorlg-88022ea04d5648413d813fc9abf00fed av-special-heading-h1 custom-color-heading blockquote modern-quote  avia-builder-el-2  avia-builder-el-no-sibling '><h1 class='av-special-heading-tag'  itemprop=\"headline\"  >Nouvelles et Ressources<\/h1><div class=\"special-heading-border\"><div class=\"special-heading-inner-border\"><\/div><\/div><\/div><\/div><\/div><\/div><\/main><!-- close content main element --><\/div><\/div><\/div><div id='av_section_2'  class='avia-section av-via8-62c958adc20d83b37cb279eacc1997ca main_color avia-section-default avia-no-border-styling  avia-builder-el-3  el_after_av_section  avia-builder-el-last  gray avia-bg-style-scroll container_wrap fullsize'  ><div class='container av-section-cont-open' ><div class='template-page content  av-content-full alpha units'><div class='post-entry post-entry-type-page post-entry-917'><div class='entry-content-wrapper clearfix'>\n<div  data-slideshow-options=\"{&quot;animation&quot;:&quot;fade&quot;,&quot;autoplay&quot;:false,&quot;loop_autoplay&quot;:&quot;once&quot;,&quot;interval&quot;:5,&quot;loop_manual&quot;:&quot;manual-endless&quot;,&quot;autoplay_stopper&quot;:false,&quot;noNavigation&quot;:false,&quot;show_slide_delay&quot;:90}\" class='avia-content-slider avia-content-grid-active avia-content-slider1 avia-content-slider-odd  avia-builder-el-4  avia-builder-el-no-sibling  av-slideshow-ui av-control-default   av-no-slider-navigation av-slideshow-manual av-loop-once av-loop-manual-endless '  itemscope=\"itemscope\" itemtype=\"https:\/\/schema.org\/Blog\" ><div class=\"avia-content-slider-inner\"><div class=\"slide-entry-wrap\"><article class='slide-entry flex_column  post-entry post-entry-939 slide-entry-overview slide-loop-1 slide-parity-odd  av_one_third first real-thumbnail posttype-post post-format-standard'  itemscope=\"itemscope\" itemtype=\"https:\/\/schema.org\/CreativeWork\" ><a href='https:\/\/kingmkt.com\/fr\/non-classifiee\/2021-nos-dirigeants-prevoient-avec-paul-crawford\/' data-rel='slide-1' class='slide-image' title='2021 : Nos dirigeants pr\u00e9voient avec Paul Crawford'><img decoding=\"async\" fetchpriority=\"high\" width=\"495\" height=\"400\" src=\"https:\/\/kingmkt.com\/wp-content\/uploads\/2024\/04\/paul-crawford-predicts-1920w-495x400.webp\" class=\"wp-image-893 avia-img-lazy-loading-not-893 attachment-portfolio size-portfolio wp-post-image\" alt=\"\" \/><\/a><div class=\"slide-content\"><header class=\"entry-content-header\"><h3 class='slide-entry-title entry-title '  itemprop=\"headline\" ><a href='https:\/\/kingmkt.com\/fr\/non-classifiee\/2021-nos-dirigeants-prevoient-avec-paul-crawford\/' title='2021 : Nos dirigeants pr\u00e9voient avec Paul Crawford'>2021 : Nos dirigeants pr\u00e9voient avec Paul Crawford<\/a><\/h3><span class=\"av-vertical-delimiter\"><\/span><\/header><div class=\"slide-meta\"><time class='slide-meta-time updated'  itemprop=\"datePublished\" datetime=\"2024-04-15T21:58:44-04:00\" >15 avril 2024<\/time><\/div><div class='slide-entry-excerpt entry-content'  itemprop=\"text\" >\n\n\n\n<div class=\"read-more-link\"><a href=\"https:\/\/kingmkt.com\/fr\/non-classifiee\/2021-nos-dirigeants-prevoient-avec-paul-crawford\/\" class=\"more-link\">Lire la suite<span class=\"more-link-arrow\"><\/span><\/a><\/div><\/div><\/div><footer class=\"entry-footer\"><\/footer><span class='hidden'>\n\t\t\t\t<span class='av-structured-data'  itemprop=\"image\" itemscope=\"itemscope\" itemtype=\"https:\/\/schema.org\/ImageObject\" >\n\t\t\t\t\t\t<span itemprop='url'>https:\/\/kingmkt.com\/wp-content\/uploads\/2024\/04\/paul-crawford-predicts-1920w.webp<\/span>\n\t\t\t\t\t\t<span itemprop='height'>510<\/span>\n\t\t\t\t\t\t<span itemprop='width'>860<\/span>\n\t\t\t\t<\/span>\n\t\t\t\t<span class='av-structured-data'  itemprop=\"publisher\" itemtype=\"https:\/\/schema.org\/Organization\" itemscope=\"itemscope\" >\n\t\t\t\t\t\t<span itemprop='name'>admin<\/span>\n\t\t\t\t\t\t<span itemprop='logo' itemscope itemtype='https:\/\/schema.org\/ImageObject'>\n\t\t\t\t\t\t\t<span itemprop='url'>https:\/\/kingmkt.com\/wp-content\/uploads\/2024\/02\/KM-Logo.jpg<\/span>\n\t\t\t\t\t\t<\/span>\n\t\t\t\t<\/span><span class='av-structured-data'  itemprop=\"author\" itemscope=\"itemscope\" itemtype=\"https:\/\/schema.org\/Person\" ><span itemprop='name'>admin<\/span><\/span><span class='av-structured-data'  itemprop=\"datePublished\" datetime=\"2024-02-21T23:52:55-04:00\" >2024-04-15 21:58:44<\/span><span class='av-structured-data'  itemprop=\"dateModified\" itemtype=\"https:\/\/schema.org\/dateModified\" >2024-06-07 17:31:07<\/span><span class='av-structured-data'  itemprop=\"mainEntityOfPage\" itemtype=\"https:\/\/schema.org\/mainEntityOfPage\" ><span itemprop='name'>2021 : Nos dirigeants pr\u00e9voient avec Paul Crawford<\/span><\/span><\/span><\/article><article class='slide-entry flex_column  post-entry post-entry-947 slide-entry-overview slide-loop-2 slide-parity-even  av_one_third  real-thumbnail posttype-post post-format-standard'  itemscope=\"itemscope\" itemtype=\"https:\/\/schema.org\/CreativeWork\" ><a href='https:\/\/kingmkt.com\/fr\/non-classifiee\/pourquoi-les-equipes-de-service-exclusives-en-magasin-ne-peuvent-jamais-remplacer-les-representants-commerciaux-des-fournisseurs\/' data-rel='slide-1' class='slide-image' title='Pourquoi les \u00e9quipes de service exclusives en magasin ne peuvent jamais remplacer les repr\u00e9sentants commerciaux des fournisseurs'><img decoding=\"async\" fetchpriority=\"high\" width=\"495\" height=\"400\" src=\"https:\/\/kingmkt.com\/wp-content\/uploads\/2024\/04\/KM-Category-News-Rev-1-495x400.jpg\" class=\"wp-image-883 avia-img-lazy-loading-not-883 attachment-portfolio size-portfolio wp-post-image\" alt=\"\" srcset=\"https:\/\/kingmkt.com\/wp-content\/uploads\/2024\/04\/KM-Category-News-Rev-1-495x400.jpg 495w, https:\/\/kingmkt.com\/wp-content\/uploads\/2024\/04\/KM-Category-News-Rev-1-845x684.jpg 845w\" sizes=\"(max-width: 495px) 100vw, 495px\" \/><\/a><div class=\"slide-content\"><header class=\"entry-content-header\"><h3 class='slide-entry-title entry-title '  itemprop=\"headline\" ><a href='https:\/\/kingmkt.com\/fr\/non-classifiee\/pourquoi-les-equipes-de-service-exclusives-en-magasin-ne-peuvent-jamais-remplacer-les-representants-commerciaux-des-fournisseurs\/' title='Pourquoi les \u00e9quipes de service exclusives en magasin ne peuvent jamais remplacer les repr\u00e9sentants commerciaux des fournisseurs'>Pourquoi les \u00e9quipes de service exclusives en magasin ne peuvent jamais remplacer les repr\u00e9sentants commerciaux des fournisseurs<\/a><\/h3><span class=\"av-vertical-delimiter\"><\/span><\/header><div class=\"slide-meta\"><time class='slide-meta-time updated'  itemprop=\"datePublished\" datetime=\"2023-03-23T00:49:00-04:00\" >23 mars 2023<\/time><\/div><div class='slide-entry-excerpt entry-content'  itemprop=\"text\" >\n\n<div class=\"read-more-link\"><a href=\"https:\/\/kingmkt.com\/fr\/non-classifiee\/pourquoi-les-equipes-de-service-exclusives-en-magasin-ne-peuvent-jamais-remplacer-les-representants-commerciaux-des-fournisseurs\/\" class=\"more-link\">Lire la suite<span class=\"more-link-arrow\"><\/span><\/a><\/div><\/div><\/div><footer class=\"entry-footer\"><\/footer><span class='hidden'>\n\t\t\t\t<span class='av-structured-data'  itemprop=\"image\" itemscope=\"itemscope\" itemtype=\"https:\/\/schema.org\/ImageObject\" >\n\t\t\t\t\t\t<span itemprop='url'>https:\/\/kingmkt.com\/wp-content\/uploads\/2024\/04\/KM-Category-News-Rev-1-scaled.jpg<\/span>\n\t\t\t\t\t\t<span itemprop='height'>1717<\/span>\n\t\t\t\t\t\t<span itemprop='width'>2560<\/span>\n\t\t\t\t<\/span>\n\t\t\t\t<span class='av-structured-data'  itemprop=\"publisher\" itemtype=\"https:\/\/schema.org\/Organization\" itemscope=\"itemscope\" >\n\t\t\t\t\t\t<span itemprop='name'>admin<\/span>\n\t\t\t\t\t\t<span itemprop='logo' itemscope itemtype='https:\/\/schema.org\/ImageObject'>\n\t\t\t\t\t\t\t<span itemprop='url'>https:\/\/kingmkt.com\/wp-content\/uploads\/2024\/02\/KM-Logo.jpg<\/span>\n\t\t\t\t\t\t<\/span>\n\t\t\t\t<\/span><span class='av-structured-data'  itemprop=\"author\" itemscope=\"itemscope\" itemtype=\"https:\/\/schema.org\/Person\" ><span itemprop='name'>admin<\/span><\/span><span class='av-structured-data'  itemprop=\"datePublished\" datetime=\"2024-02-21T23:52:55-04:00\" >2023-03-23 00:49:00<\/span><span class='av-structured-data'  itemprop=\"dateModified\" itemtype=\"https:\/\/schema.org\/dateModified\" >2024-05-06 20:37:15<\/span><span class='av-structured-data'  itemprop=\"mainEntityOfPage\" itemtype=\"https:\/\/schema.org\/mainEntityOfPage\" ><span itemprop='name'>Pourquoi les \u00e9quipes de service exclusives en magasin ne peuvent jamais remplacer les repr\u00e9sentants commerciaux des fournisseurs<\/span><\/span><\/span><\/article><article class='slide-entry flex_column  post-entry post-entry-1019 slide-entry-overview slide-loop-3 slide-parity-odd  av_one_third  real-thumbnail posttype-post post-format-standard'  itemscope=\"itemscope\" itemtype=\"https:\/\/schema.org\/CreativeWork\" ><a href='https:\/\/kingmkt.com\/fr\/non-classifiee\/7-deficiencies-typically-seen-with-big-box-merchandising\/' data-rel='slide-1' class='slide-image' title='7 d\u00e9ficiences typiques du merchandising des grandes surfaces'><img decoding=\"async\" fetchpriority=\"high\" width=\"495\" height=\"400\" src=\"https:\/\/kingmkt.com\/wp-content\/uploads\/2024\/04\/JohnAOSmithServicing2-1920w-495x400.webp\" class=\"wp-image-892 avia-img-lazy-loading-not-892 attachment-portfolio size-portfolio wp-post-image\" alt=\"\" srcset=\"https:\/\/kingmkt.com\/wp-content\/uploads\/2024\/04\/JohnAOSmithServicing2-1920w-495x400.webp 495w, https:\/\/kingmkt.com\/wp-content\/uploads\/2024\/04\/JohnAOSmithServicing2-1920w-845x684.webp 845w\" sizes=\"(max-width: 495px) 100vw, 495px\" \/><\/a><div class=\"slide-content\"><header class=\"entry-content-header\"><h3 class='slide-entry-title entry-title '  itemprop=\"headline\" ><a href='https:\/\/kingmkt.com\/fr\/non-classifiee\/7-deficiencies-typically-seen-with-big-box-merchandising\/' title='7 d\u00e9ficiences typiques du merchandising des grandes surfaces'>7 d\u00e9ficiences typiques du merchandising des grandes surfaces<\/a><\/h3><span class=\"av-vertical-delimiter\"><\/span><\/header><div class=\"slide-meta\"><time class='slide-meta-time updated'  itemprop=\"datePublished\" datetime=\"2021-03-26T21:48:00-04:00\" >26 mars 2021<\/time><\/div><div class='slide-entry-excerpt entry-content'  itemprop=\"text\" >\n\n\n\n<div class=\"read-more-link\"><a href=\"https:\/\/kingmkt.com\/fr\/non-classifiee\/7-deficiencies-typically-seen-with-big-box-merchandising\/\" class=\"more-link\">Lire la suite<span class=\"more-link-arrow\"><\/span><\/a><\/div><\/div><\/div><footer class=\"entry-footer\"><\/footer><span class='hidden'>\n\t\t\t\t<span class='av-structured-data'  itemprop=\"image\" itemscope=\"itemscope\" itemtype=\"https:\/\/schema.org\/ImageObject\" >\n\t\t\t\t\t\t<span itemprop='url'>https:\/\/kingmkt.com\/wp-content\/uploads\/2024\/04\/JohnAOSmithServicing2-1920w.webp<\/span>\n\t\t\t\t\t\t<span itemprop='height'>1440<\/span>\n\t\t\t\t\t\t<span itemprop='width'>1920<\/span>\n\t\t\t\t<\/span>\n\t\t\t\t<span class='av-structured-data'  itemprop=\"publisher\" itemtype=\"https:\/\/schema.org\/Organization\" itemscope=\"itemscope\" >\n\t\t\t\t\t\t<span itemprop='name'>admin<\/span>\n\t\t\t\t\t\t<span itemprop='logo' itemscope itemtype='https:\/\/schema.org\/ImageObject'>\n\t\t\t\t\t\t\t<span itemprop='url'>https:\/\/kingmkt.com\/wp-content\/uploads\/2024\/02\/KM-Logo.jpg<\/span>\n\t\t\t\t\t\t<\/span>\n\t\t\t\t<\/span><span class='av-structured-data'  itemprop=\"author\" itemscope=\"itemscope\" itemtype=\"https:\/\/schema.org\/Person\" ><span itemprop='name'>admin<\/span><\/span><span class='av-structured-data'  itemprop=\"datePublished\" datetime=\"2024-02-21T23:52:55-04:00\" >2021-03-26 21:48:00<\/span><span class='av-structured-data'  itemprop=\"dateModified\" itemtype=\"https:\/\/schema.org\/dateModified\" >2024-06-06 23:10:57<\/span><span class='av-structured-data'  itemprop=\"mainEntityOfPage\" itemtype=\"https:\/\/schema.org\/mainEntityOfPage\" ><span itemprop='name'>7 d\u00e9ficiences typiques du merchandising des grandes surfaces<\/span><\/span><\/span><\/article><\/div><div class=\"slide-entry-wrap\"><article class='slide-entry flex_column  post-entry post-entry-1079 slide-entry-overview slide-loop-4 slide-parity-odd  post-entry-last  av_one_third first real-thumbnail posttype-post post-format-standard'  itemscope=\"itemscope\" itemtype=\"https:\/\/schema.org\/CreativeWork\" ><a href='https:\/\/kingmkt.com\/fr\/non-classifiee\/5-raisons-dinvestir-dans-un-groupe-de-services-de-merchandising\/' data-rel='slide-1' class='slide-image' title='5 raisons d&rsquo;investir dans un groupe de services de merchandising'><img decoding=\"async\" fetchpriority=\"high\" width=\"495\" height=\"400\" src=\"https:\/\/kingmkt.com\/wp-content\/uploads\/2024\/03\/working-in-warehouse-1920w-495x400.jpg\" class=\"wp-image-817 avia-img-lazy-loading-not-817 attachment-portfolio size-portfolio wp-post-image\" alt=\"\" srcset=\"https:\/\/kingmkt.com\/wp-content\/uploads\/2024\/03\/working-in-warehouse-1920w-495x400.jpg 495w, https:\/\/kingmkt.com\/wp-content\/uploads\/2024\/03\/working-in-warehouse-1920w-845x684.jpg 845w\" sizes=\"(max-width: 495px) 100vw, 495px\" \/><\/a><div class=\"slide-content\"><header class=\"entry-content-header\"><h3 class='slide-entry-title entry-title '  itemprop=\"headline\" ><a href='https:\/\/kingmkt.com\/fr\/non-classifiee\/5-raisons-dinvestir-dans-un-groupe-de-services-de-merchandising\/' title='5 raisons d&rsquo;investir dans un groupe de services de merchandising'>5 raisons d&rsquo;investir dans un groupe de services de merchandising<\/a><\/h3><span class=\"av-vertical-delimiter\"><\/span><\/header><div class=\"slide-meta\"><time class='slide-meta-time updated'  itemprop=\"datePublished\" datetime=\"2021-03-01T20:21:00-04:00\" >1 mars 2021<\/time><\/div><div class='slide-entry-excerpt entry-content'  itemprop=\"text\" >\n\n<div class=\"read-more-link\"><a href=\"https:\/\/kingmkt.com\/fr\/non-classifiee\/5-raisons-dinvestir-dans-un-groupe-de-services-de-merchandising\/\" class=\"more-link\">Lire la suite<span class=\"more-link-arrow\"><\/span><\/a><\/div><\/div><\/div><footer class=\"entry-footer\"><\/footer><span class='hidden'>\n\t\t\t\t<span class='av-structured-data'  itemprop=\"image\" itemscope=\"itemscope\" itemtype=\"https:\/\/schema.org\/ImageObject\" >\n\t\t\t\t\t\t<span itemprop='url'>https:\/\/kingmkt.com\/wp-content\/uploads\/2024\/03\/working-in-warehouse-1920w.jpg<\/span>\n\t\t\t\t\t\t<span itemprop='height'>1281<\/span>\n\t\t\t\t\t\t<span itemprop='width'>1920<\/span>\n\t\t\t\t<\/span>\n\t\t\t\t<span class='av-structured-data'  itemprop=\"publisher\" itemtype=\"https:\/\/schema.org\/Organization\" itemscope=\"itemscope\" >\n\t\t\t\t\t\t<span itemprop='name'>admin<\/span>\n\t\t\t\t\t\t<span itemprop='logo' itemscope itemtype='https:\/\/schema.org\/ImageObject'>\n\t\t\t\t\t\t\t<span itemprop='url'>https:\/\/kingmkt.com\/wp-content\/uploads\/2024\/02\/KM-Logo.jpg<\/span>\n\t\t\t\t\t\t<\/span>\n\t\t\t\t<\/span><span class='av-structured-data'  itemprop=\"author\" itemscope=\"itemscope\" itemtype=\"https:\/\/schema.org\/Person\" ><span itemprop='name'>admin<\/span><\/span><span class='av-structured-data'  itemprop=\"datePublished\" datetime=\"2024-02-21T23:52:55-04:00\" >2021-03-01 20:21:00<\/span><span class='av-structured-data'  itemprop=\"dateModified\" itemtype=\"https:\/\/schema.org\/dateModified\" >2024-06-06 23:13:21<\/span><span class='av-structured-data'  itemprop=\"mainEntityOfPage\" itemtype=\"https:\/\/schema.org\/mainEntityOfPage\" ><span itemprop='name'>5 raisons d&rsquo;investir dans un groupe de services de merchandising<\/span><\/span><\/span><\/article><\/div><\/div><\/div>\n<\/p>\n","protected":false},"excerpt":{"rendered":"","protected":false},"author":1,"featured_media":0,"parent":0,"menu_order":0,"comment_status":"closed","ping_status":"closed","template":"","meta":{"footnotes":""},"class_list":["post-917","page","type-page","status-publish","hentry"],"yoast_head":"<!-- This site is optimized with the Yoast SEO plugin v27.4 - https:\/\/yoast.com\/product\/yoast-seo-wordpress\/ -->\n<title>Nouvelles - King Marketing<\/title>\n<meta name=\"robots\" content=\"index, follow, max-snippet:-1, max-image-preview:large, max-video-preview:-1\" \/>\n<link rel=\"canonical\" href=\"https:\/\/kingmkt.com\/fr\/nouvelles\/\" \/>\n<meta property=\"og:locale\" content=\"fr_FR\" \/>\n<meta property=\"og:type\" content=\"article\" \/>\n<meta property=\"og:title\" content=\"Nouvelles - King Marketing\" \/>\n<meta property=\"og:url\" content=\"https:\/\/kingmkt.com\/fr\/nouvelles\/\" \/>\n<meta property=\"og:site_name\" content=\"King Marketing\" \/>\n<meta property=\"article:publisher\" content=\"https:\/\/www.facebook.com\/yourbrandchampion\" \/>\n<meta property=\"article:modified_time\" content=\"2024-05-07T16:09:11+00:00\" \/>\n<meta name=\"twitter:card\" content=\"summary_large_image\" \/>\n<meta name=\"twitter:site\" content=\"@OfficialKingMkt\" \/>\n<meta name=\"twitter:label1\" content=\"Dur\u00e9e de lecture estim\u00e9e\" \/>\n\t<meta name=\"twitter:data1\" content=\"7 minutes\" \/>\n<script type=\"application\/ld+json\" class=\"yoast-schema-graph\">{\"@context\":\"https:\\\/\\\/schema.org\",\"@graph\":[{\"@type\":\"WebPage\",\"@id\":\"https:\\\/\\\/kingmkt.com\\\/fr\\\/nouvelles\\\/\",\"url\":\"https:\\\/\\\/kingmkt.com\\\/fr\\\/nouvelles\\\/\",\"name\":\"Nouvelles - King Marketing\",\"isPartOf\":{\"@id\":\"https:\\\/\\\/kingmkt.com\\\/fr\\\/#website\"},\"datePublished\":\"2024-02-21T23:52:55+00:00\",\"dateModified\":\"2024-05-07T16:09:11+00:00\",\"breadcrumb\":{\"@id\":\"https:\\\/\\\/kingmkt.com\\\/fr\\\/nouvelles\\\/#breadcrumb\"},\"inLanguage\":\"fr-FR\",\"potentialAction\":[{\"@type\":\"ReadAction\",\"target\":[\"https:\\\/\\\/kingmkt.com\\\/fr\\\/nouvelles\\\/\"]}]},{\"@type\":\"BreadcrumbList\",\"@id\":\"https:\\\/\\\/kingmkt.com\\\/fr\\\/nouvelles\\\/#breadcrumb\",\"itemListElement\":[{\"@type\":\"ListItem\",\"position\":1,\"name\":\"Home\",\"item\":\"https:\\\/\\\/kingmkt.com\\\/fr\\\/\"},{\"@type\":\"ListItem\",\"position\":2,\"name\":\"Nouvelles\"}]},{\"@type\":\"WebSite\",\"@id\":\"https:\\\/\\\/kingmkt.com\\\/fr\\\/#website\",\"url\":\"https:\\\/\\\/kingmkt.com\\\/fr\\\/\",\"name\":\"King Marketing\",\"description\":\"Home Improvement Sales and Merchandising Services\",\"publisher\":{\"@id\":\"https:\\\/\\\/kingmkt.com\\\/fr\\\/#organization\"},\"potentialAction\":[{\"@type\":\"SearchAction\",\"target\":{\"@type\":\"EntryPoint\",\"urlTemplate\":\"https:\\\/\\\/kingmkt.com\\\/fr\\\/?s={search_term_string}\"},\"query-input\":{\"@type\":\"PropertyValueSpecification\",\"valueRequired\":true,\"valueName\":\"search_term_string\"}}],\"inLanguage\":\"fr-FR\"},{\"@type\":\"Organization\",\"@id\":\"https:\\\/\\\/kingmkt.com\\\/fr\\\/#organization\",\"name\":\"King Marketing\",\"url\":\"https:\\\/\\\/kingmkt.com\\\/fr\\\/\",\"logo\":{\"@type\":\"ImageObject\",\"inLanguage\":\"fr-FR\",\"@id\":\"https:\\\/\\\/kingmkt.com\\\/fr\\\/#\\\/schema\\\/logo\\\/image\\\/\",\"url\":\"https:\\\/\\\/kingmkt.com\\\/wp-content\\\/uploads\\\/2024\\\/07\\\/KM-Logo-1.png\",\"contentUrl\":\"https:\\\/\\\/kingmkt.com\\\/wp-content\\\/uploads\\\/2024\\\/07\\\/KM-Logo-1.png\",\"width\":512,\"height\":512,\"caption\":\"King Marketing\"},\"image\":{\"@id\":\"https:\\\/\\\/kingmkt.com\\\/fr\\\/#\\\/schema\\\/logo\\\/image\\\/\"},\"sameAs\":[\"https:\\\/\\\/www.facebook.com\\\/yourbrandchampion\",\"https:\\\/\\\/x.com\\\/OfficialKingMkt\",\"https:\\\/\\\/www.linkedin.com\\\/company\\\/king-marketing-ltd\\\/\"]}]}<\/script>\n<!-- \/ Yoast SEO plugin. -->","yoast_head_json":{"title":"Nouvelles - King Marketing","robots":{"index":"index","follow":"follow","max-snippet":"max-snippet:-1","max-image-preview":"max-image-preview:large","max-video-preview":"max-video-preview:-1"},"canonical":"https:\/\/kingmkt.com\/fr\/nouvelles\/","og_locale":"fr_FR","og_type":"article","og_title":"Nouvelles - King Marketing","og_url":"https:\/\/kingmkt.com\/fr\/nouvelles\/","og_site_name":"King Marketing","article_publisher":"https:\/\/www.facebook.com\/yourbrandchampion","article_modified_time":"2024-05-07T16:09:11+00:00","twitter_card":"summary_large_image","twitter_site":"@OfficialKingMkt","twitter_misc":{"Dur\u00e9e de lecture estim\u00e9e":"7 minutes"},"schema":{"@context":"https:\/\/schema.org","@graph":[{"@type":"WebPage","@id":"https:\/\/kingmkt.com\/fr\/nouvelles\/","url":"https:\/\/kingmkt.com\/fr\/nouvelles\/","name":"Nouvelles - King Marketing","isPartOf":{"@id":"https:\/\/kingmkt.com\/fr\/#website"},"datePublished":"2024-02-21T23:52:55+00:00","dateModified":"2024-05-07T16:09:11+00:00","breadcrumb":{"@id":"https:\/\/kingmkt.com\/fr\/nouvelles\/#breadcrumb"},"inLanguage":"fr-FR","potentialAction":[{"@type":"ReadAction","target":["https:\/\/kingmkt.com\/fr\/nouvelles\/"]}]},{"@type":"BreadcrumbList","@id":"https:\/\/kingmkt.com\/fr\/nouvelles\/#breadcrumb","itemListElement":[{"@type":"ListItem","position":1,"name":"Home","item":"https:\/\/kingmkt.com\/fr\/"},{"@type":"ListItem","position":2,"name":"Nouvelles"}]},{"@type":"WebSite","@id":"https:\/\/kingmkt.com\/fr\/#website","url":"https:\/\/kingmkt.com\/fr\/","name":"King Marketing","description":"Home Improvement Sales and Merchandising Services","publisher":{"@id":"https:\/\/kingmkt.com\/fr\/#organization"},"potentialAction":[{"@type":"SearchAction","target":{"@type":"EntryPoint","urlTemplate":"https:\/\/kingmkt.com\/fr\/?s={search_term_string}"},"query-input":{"@type":"PropertyValueSpecification","valueRequired":true,"valueName":"search_term_string"}}],"inLanguage":"fr-FR"},{"@type":"Organization","@id":"https:\/\/kingmkt.com\/fr\/#organization","name":"King Marketing","url":"https:\/\/kingmkt.com\/fr\/","logo":{"@type":"ImageObject","inLanguage":"fr-FR","@id":"https:\/\/kingmkt.com\/fr\/#\/schema\/logo\/image\/","url":"https:\/\/kingmkt.com\/wp-content\/uploads\/2024\/07\/KM-Logo-1.png","contentUrl":"https:\/\/kingmkt.com\/wp-content\/uploads\/2024\/07\/KM-Logo-1.png","width":512,"height":512,"caption":"King Marketing"},"image":{"@id":"https:\/\/kingmkt.com\/fr\/#\/schema\/logo\/image\/"},"sameAs":["https:\/\/www.facebook.com\/yourbrandchampion","https:\/\/x.com\/OfficialKingMkt","https:\/\/www.linkedin.com\/company\/king-marketing-ltd\/"]}]}},"_links":{"self":[{"href":"https:\/\/kingmkt.com\/fr\/wp-json\/wp\/v2\/pages\/917","targetHints":{"allow":["GET"]}}],"collection":[{"href":"https:\/\/kingmkt.com\/fr\/wp-json\/wp\/v2\/pages"}],"about":[{"href":"https:\/\/kingmkt.com\/fr\/wp-json\/wp\/v2\/types\/page"}],"author":[{"embeddable":true,"href":"https:\/\/kingmkt.com\/fr\/wp-json\/wp\/v2\/users\/1"}],"replies":[{"embeddable":true,"href":"https:\/\/kingmkt.com\/fr\/wp-json\/wp\/v2\/comments?post=917"}],"version-history":[{"count":21,"href":"https:\/\/kingmkt.com\/fr\/wp-json\/wp\/v2\/pages\/917\/revisions"}],"predecessor-version":[{"id":1001,"href":"https:\/\/kingmkt.com\/fr\/wp-json\/wp\/v2\/pages\/917\/revisions\/1001"}],"wp:attachment":[{"href":"https:\/\/kingmkt.com\/fr\/wp-json\/wp\/v2\/media?parent=917"}],"curies":[{"name":"wp","href":"https:\/\/api.w.org\/{rel}","templated":true}]}}