{"id":919,"date":"2024-02-20T15:10:33","date_gmt":"2024-02-20T15:10:33","guid":{"rendered":"https:\/\/kingmkt.com\/politique-de-confidentialite\/"},"modified":"2024-04-29T23:50:53","modified_gmt":"2024-04-29T23:50:53","slug":"politique-de-confidentialite","status":"publish","type":"page","link":"https:\/\/kingmkt.com\/fr\/politique-de-confidentialite\/","title":{"rendered":"Politique de confidentialit\u00e9"},"content":{"rendered":"<section  class='av_textblock_section av-lu84tv5h-9d41e8ad24a222e4b180a300799ecf09 '   itemscope=\"itemscope\" itemtype=\"https:\/\/schema.org\/CreativeWork\" ><div class='avia_textblock'  itemprop=\"text\" ><h3>POLITIQUE DE CONFIDENTIALIT\u00c9<\/h3>\n<p>King Marketing Ltd., ainsi que toutes les soci\u00e9t\u00e9s affili\u00e9es et associations, veille \u00e0 ce que vos informations personnellement identifiables soient prot\u00e9g\u00e9es lorsque vous partagez vos donn\u00e9es avec nous en ligne, par le biais d&rsquo;enqu\u00eates et d&rsquo;autres moyens num\u00e9riques.<\/p>\n<p>Vous pouvez naviguer sur notre site Web sans avoir \u00e0 soumettre vos donn\u00e9es ou informations personnelles sur kingmkt.com (ce \u00ab\u00a0Site\u00a0\u00bb). Cependant, ces informations peuvent \u00eatre volontairement requises si vous souhaitez acc\u00e9der \u00e0 nos ressources propri\u00e9taires et confidentielles (les \u00ab Ressources \u00bb), vous abonner \u00e0 notre newsletter ou soumettre un formulaire.<\/p>\n<p>Nous pouvons \u00e9galement collecter des informations sur la mani\u00e8re dont vous utilisez ce site, telles que les ressources consult\u00e9es, recherch\u00e9es et t\u00e9l\u00e9charg\u00e9es. Les autres informations que nous pouvons collecter incluent la fr\u00e9quence et la dur\u00e9e des visites et votre adresse IP (Internet Protocol) source.<\/p>\n<p>Veuillez lire la d\u00e9claration suivante pour comprendre comment chez King Marketing Ltd, nous collectons, utilisons, conservons et divulguons vos informations personnelles.<\/p>\n<h3>QUAND VOS RENSEIGNEMENTS PERSONNELS SONT-ILS N\u00c9CESSAIRES OU DEMAND\u00c9S?<\/h3>\n<p>Comme indiqu\u00e9 dans la section ci-dessus, cette politique de confidentialit\u00e9 divulgue la proc\u00e9dure lorsque vous demandez l&rsquo;acc\u00e8s aux ressources ou \u00e0 d&rsquo;autres offres t\u00e9l\u00e9chargeables.<\/p>\n<h3>QUELLES INFORMATIONS COLLECTONS-NOUS?<\/h3>\n<h3>Informations personnellement identifiables<\/h3>\n<p>Ce sont les informations qui peuvent \u00eatre utilis\u00e9es pour vous identifier en tant qu&rsquo;individu Ces informations peuvent inclure votre adresse e-mail, votre nom, votre adresse personnelle ou professionnelle ou votre num\u00e9ro de t\u00e9l\u00e9phone. Nous pouvons collecter ces informations de plusieurs mani\u00e8res sur le site, y compris, mais sans s&rsquo;y limiter, le formulaire Contactez-nous, l&rsquo;offre et les formulaires de t\u00e9l\u00e9chargement de ressources, ainsi que les commentaires, les formulaires et les e-mails envoy\u00e9s \u00e0 toute adresse e-mail kingmkt.com .<\/p>\n<h3>Informations non personnellement identifiables<\/h3>\n<p>C&rsquo;est le type d&rsquo;information qui n&rsquo;identifie pas une personne en particulier. Les informations non personnellement identifiables peuvent inclure des donn\u00e9es telles que la fa\u00e7on dont vous utilisez ce site, les ressources consult\u00e9es, recherch\u00e9es ou t\u00e9l\u00e9charg\u00e9es, la fr\u00e9quence et la dur\u00e9e des visites, la langue par d\u00e9faut du navigateur Web, l&#8217;emplacement g\u00e9ographique par pays et votre adresse IP source.<\/p>\n<h3>UTILISATION DE COOKIES PROPRES ET TIERS<\/h3>\n<p>Un cookie est un fichier de donn\u00e9es que les sites Web \u00e9crivent sur le disque dur de votre ordinateur avec votre consentement lorsque vous visitez ces sites. Un cookie peut contenir des informations, telles qu&rsquo;un code d&rsquo;identification de l&rsquo;utilisateur. Le code d&rsquo;identification de l&rsquo;utilisateur fournit aux sites, tels que kingmkt.com, des informations sur la fa\u00e7on dont vous naviguez sur le site.<\/p>\n<p>Les seules informations personnelles qu&rsquo;un cookie peut contenir sont des informations que vous \u00eates pr\u00eat \u00e0 fournir vous-m\u00eame. Un cookie ne peut lire aucune des donn\u00e9es stock\u00e9es sur le disque dur de votre ordinateur ni lire les autres fichiers de cookies cr\u00e9\u00e9s par d&rsquo;autres sites.<\/p>\n<p>Les cookies d\u00e9finis par King Marketing Ltd. sont appel\u00e9s cookies propri\u00e9taires. Les cookies tiers sont d\u00e9finis par des parties autres que King Marketing Ltd. Les cookies tiers permettent des fonctions ou fonctionnalit\u00e9s tierces telles que la publicit\u00e9, le contenu interactif et r\u00e9actif et l&rsquo;analyse de donn\u00e9es. Les entit\u00e9s qui d\u00e9finissent ces cookies tiers peuvent reconna\u00eetre votre ordinateur \u00e0 la fois lorsqu&rsquo;il visite kingmkt.com et \u00e9galement lorsqu&rsquo;il visite certains autres sites Web. Nous pouvons collecter des informations \u00e0 partir de vos sessions Web via des cookies pour recueillir des informations sur les mod\u00e8les de trafic des utilisateurs, le comportement des utilisateurs et l&rsquo;efficacit\u00e9 de notre structure de navigation ou du contenu de notre site Web.<\/p>\n<p>Voir Param\u00e8tres des cookies ci-dessous.<\/p>\n<h3>COMMENT KING MARKETING LTD. UTILISE VOS INFORMATIONS<\/h3>\n<p>Si vous fournissez volontairement vos informations personnelles \u00e0 King Marketing Ltd., nous pouvons utiliser ces informations pour vous contacter le cas \u00e9ch\u00e9ant \u00e0 des fins de vente et de marketing.<\/p>\n<p>Nous utilisons les informations personnelles et les donn\u00e9es collect\u00e9es via l&rsquo;utilisation de ce site pour personnaliser en permanence le contenu et les ressources Web, le cas \u00e9ch\u00e9ant Cela garantit que nous vous fournissons le contenu le plus pertinent possible.<\/p>\n<p>Nous pouvons \u00e9galement utiliser vos informations pour vous contacter lorsque nous apportons des modifications fonctionnelles majeures au site ou lorsque vous lancez une t\u00e2che sur ce site, comme trouver un mot de passe ou nous contacter.<\/p>\n<p>Nous pouvons vous envoyer des e-mails \u00e0 des fins commerciales, marketing et administratives<\/p>\n<p>Si vous \u00eates abonn\u00e9 \u00e0 notre newsletter ou \u00e0 notre liste de notification, nous vous enverrons p\u00e9riodiquement des e-mails pour les derni\u00e8res mises \u00e0 jour sur les actualit\u00e9s, le contenu, les services et les produits de King Marketing Ltd.<\/p>\n<h3>MAINTIEN DE VOS INFORMATIONS<\/h3>\n<p>Notre \u00e9quipe consid\u00e8re les informations et la s\u00e9curisation de ces informations comme une priorit\u00e9 absolue. Toutes les informations personnelles stock\u00e9es et prot\u00e9g\u00e9es sur nos serveurs sont prot\u00e9g\u00e9es par des mesures de s\u00e9curit\u00e9 ad\u00e9quates et appliquent les meilleures pratiques de protection des donn\u00e9es dans toute l&rsquo;organisation. Nous supprimerons vos informations personnellement identifiables dans les 30 jours suivant la r\u00e9ception de votre demande. Cela dit, votre acc\u00e8s aux ressources de ce site peut alors \u00eatre suspendu.<\/p>\n<h3>LIENS EXTERNES VERS DES SITES PERTINENTS<\/h3>\n<p>Ce site contient des liens externes vers d&rsquo;autres sites Web. King Marketing Ltd. n&rsquo;est pas responsable de la politique de confidentialit\u00e9 et des pratiques de protection des donn\u00e9es de ces autres sites externes. Nos utilisateurs doivent \u00eatre conscients que lorsqu&rsquo;ils quittent ce site, il est important de lire les politiques de confidentialit\u00e9 de chaque site Web qu&rsquo;ils visitent. D&rsquo;autres sites Web peuvent avoir le potentiel de recueillir des informations personnellement identifiables et d&rsquo;utiliser ces informations \u00e0 leurs propres fins.<\/p>\n<p>La cr\u00e9ation de cette politique de confidentialit\u00e9 s&rsquo;applique \u00e0 kingmkt.com et aux informations collect\u00e9es sur ce site Web.<\/p>\n<\/div><\/section>\n","protected":false},"excerpt":{"rendered":"","protected":false},"author":1,"featured_media":0,"parent":0,"menu_order":0,"comment_status":"closed","ping_status":"open","template":"","meta":{"footnotes":""},"class_list":["post-919","page","type-page","status-publish","hentry"],"yoast_head":"<!-- This site is optimized with the Yoast SEO plugin v27.4 - https:\/\/yoast.com\/product\/yoast-seo-wordpress\/ -->\n<title>Politique de confidentialit\u00e9 - King Marketing<\/title>\n<meta name=\"robots\" content=\"index, follow, max-snippet:-1, max-image-preview:large, max-video-preview:-1\" \/>\n<link rel=\"canonical\" href=\"https:\/\/kingmkt.com\/fr\/politique-de-confidentialite\/\" \/>\n<meta property=\"og:locale\" content=\"fr_FR\" \/>\n<meta property=\"og:type\" content=\"article\" \/>\n<meta property=\"og:title\" content=\"Politique de confidentialit\u00e9 - King Marketing\" \/>\n<meta property=\"og:url\" content=\"https:\/\/kingmkt.com\/fr\/politique-de-confidentialite\/\" \/>\n<meta property=\"og:site_name\" content=\"King Marketing\" \/>\n<meta property=\"article:publisher\" content=\"https:\/\/www.facebook.com\/yourbrandchampion\" \/>\n<meta property=\"article:modified_time\" content=\"2024-04-29T23:50:53+00:00\" \/>\n<meta name=\"twitter:card\" content=\"summary_large_image\" \/>\n<meta name=\"twitter:site\" content=\"@OfficialKingMkt\" \/>\n<meta name=\"twitter:label1\" content=\"Dur\u00e9e de lecture estim\u00e9e\" \/>\n\t<meta name=\"twitter:data1\" content=\"5 minutes\" \/>\n<script type=\"application\/ld+json\" class=\"yoast-schema-graph\">{\"@context\":\"https:\\\/\\\/schema.org\",\"@graph\":[{\"@type\":\"WebPage\",\"@id\":\"https:\\\/\\\/kingmkt.com\\\/fr\\\/politique-de-confidentialite\\\/\",\"url\":\"https:\\\/\\\/kingmkt.com\\\/fr\\\/politique-de-confidentialite\\\/\",\"name\":\"Politique de confidentialit\u00e9 - King Marketing\",\"isPartOf\":{\"@id\":\"https:\\\/\\\/kingmkt.com\\\/fr\\\/#website\"},\"datePublished\":\"2024-02-20T15:10:33+00:00\",\"dateModified\":\"2024-04-29T23:50:53+00:00\",\"breadcrumb\":{\"@id\":\"https:\\\/\\\/kingmkt.com\\\/fr\\\/politique-de-confidentialite\\\/#breadcrumb\"},\"inLanguage\":\"fr-FR\",\"potentialAction\":[{\"@type\":\"ReadAction\",\"target\":[\"https:\\\/\\\/kingmkt.com\\\/fr\\\/politique-de-confidentialite\\\/\"]}]},{\"@type\":\"BreadcrumbList\",\"@id\":\"https:\\\/\\\/kingmkt.com\\\/fr\\\/politique-de-confidentialite\\\/#breadcrumb\",\"itemListElement\":[{\"@type\":\"ListItem\",\"position\":1,\"name\":\"Home\",\"item\":\"https:\\\/\\\/kingmkt.com\\\/fr\\\/\"},{\"@type\":\"ListItem\",\"position\":2,\"name\":\"Politique de confidentialit\u00e9\"}]},{\"@type\":\"WebSite\",\"@id\":\"https:\\\/\\\/kingmkt.com\\\/fr\\\/#website\",\"url\":\"https:\\\/\\\/kingmkt.com\\\/fr\\\/\",\"name\":\"King Marketing\",\"description\":\"Home Improvement Sales and Merchandising Services\",\"publisher\":{\"@id\":\"https:\\\/\\\/kingmkt.com\\\/fr\\\/#organization\"},\"potentialAction\":[{\"@type\":\"SearchAction\",\"target\":{\"@type\":\"EntryPoint\",\"urlTemplate\":\"https:\\\/\\\/kingmkt.com\\\/fr\\\/?s={search_term_string}\"},\"query-input\":{\"@type\":\"PropertyValueSpecification\",\"valueRequired\":true,\"valueName\":\"search_term_string\"}}],\"inLanguage\":\"fr-FR\"},{\"@type\":\"Organization\",\"@id\":\"https:\\\/\\\/kingmkt.com\\\/fr\\\/#organization\",\"name\":\"King Marketing\",\"url\":\"https:\\\/\\\/kingmkt.com\\\/fr\\\/\",\"logo\":{\"@type\":\"ImageObject\",\"inLanguage\":\"fr-FR\",\"@id\":\"https:\\\/\\\/kingmkt.com\\\/fr\\\/#\\\/schema\\\/logo\\\/image\\\/\",\"url\":\"https:\\\/\\\/kingmkt.com\\\/wp-content\\\/uploads\\\/2024\\\/07\\\/KM-Logo-1.png\",\"contentUrl\":\"https:\\\/\\\/kingmkt.com\\\/wp-content\\\/uploads\\\/2024\\\/07\\\/KM-Logo-1.png\",\"width\":512,\"height\":512,\"caption\":\"King Marketing\"},\"image\":{\"@id\":\"https:\\\/\\\/kingmkt.com\\\/fr\\\/#\\\/schema\\\/logo\\\/image\\\/\"},\"sameAs\":[\"https:\\\/\\\/www.facebook.com\\\/yourbrandchampion\",\"https:\\\/\\\/x.com\\\/OfficialKingMkt\",\"https:\\\/\\\/www.linkedin.com\\\/company\\\/king-marketing-ltd\\\/\"]}]}<\/script>\n<!-- \/ Yoast SEO plugin. -->","yoast_head_json":{"title":"Politique de confidentialit\u00e9 - King Marketing","robots":{"index":"index","follow":"follow","max-snippet":"max-snippet:-1","max-image-preview":"max-image-preview:large","max-video-preview":"max-video-preview:-1"},"canonical":"https:\/\/kingmkt.com\/fr\/politique-de-confidentialite\/","og_locale":"fr_FR","og_type":"article","og_title":"Politique de confidentialit\u00e9 - King Marketing","og_url":"https:\/\/kingmkt.com\/fr\/politique-de-confidentialite\/","og_site_name":"King Marketing","article_publisher":"https:\/\/www.facebook.com\/yourbrandchampion","article_modified_time":"2024-04-29T23:50:53+00:00","twitter_card":"summary_large_image","twitter_site":"@OfficialKingMkt","twitter_misc":{"Dur\u00e9e de lecture estim\u00e9e":"5 minutes"},"schema":{"@context":"https:\/\/schema.org","@graph":[{"@type":"WebPage","@id":"https:\/\/kingmkt.com\/fr\/politique-de-confidentialite\/","url":"https:\/\/kingmkt.com\/fr\/politique-de-confidentialite\/","name":"Politique de confidentialit\u00e9 - King Marketing","isPartOf":{"@id":"https:\/\/kingmkt.com\/fr\/#website"},"datePublished":"2024-02-20T15:10:33+00:00","dateModified":"2024-04-29T23:50:53+00:00","breadcrumb":{"@id":"https:\/\/kingmkt.com\/fr\/politique-de-confidentialite\/#breadcrumb"},"inLanguage":"fr-FR","potentialAction":[{"@type":"ReadAction","target":["https:\/\/kingmkt.com\/fr\/politique-de-confidentialite\/"]}]},{"@type":"BreadcrumbList","@id":"https:\/\/kingmkt.com\/fr\/politique-de-confidentialite\/#breadcrumb","itemListElement":[{"@type":"ListItem","position":1,"name":"Home","item":"https:\/\/kingmkt.com\/fr\/"},{"@type":"ListItem","position":2,"name":"Politique de confidentialit\u00e9"}]},{"@type":"WebSite","@id":"https:\/\/kingmkt.com\/fr\/#website","url":"https:\/\/kingmkt.com\/fr\/","name":"King Marketing","description":"Home Improvement Sales and Merchandising Services","publisher":{"@id":"https:\/\/kingmkt.com\/fr\/#organization"},"potentialAction":[{"@type":"SearchAction","target":{"@type":"EntryPoint","urlTemplate":"https:\/\/kingmkt.com\/fr\/?s={search_term_string}"},"query-input":{"@type":"PropertyValueSpecification","valueRequired":true,"valueName":"search_term_string"}}],"inLanguage":"fr-FR"},{"@type":"Organization","@id":"https:\/\/kingmkt.com\/fr\/#organization","name":"King Marketing","url":"https:\/\/kingmkt.com\/fr\/","logo":{"@type":"ImageObject","inLanguage":"fr-FR","@id":"https:\/\/kingmkt.com\/fr\/#\/schema\/logo\/image\/","url":"https:\/\/kingmkt.com\/wp-content\/uploads\/2024\/07\/KM-Logo-1.png","contentUrl":"https:\/\/kingmkt.com\/wp-content\/uploads\/2024\/07\/KM-Logo-1.png","width":512,"height":512,"caption":"King Marketing"},"image":{"@id":"https:\/\/kingmkt.com\/fr\/#\/schema\/logo\/image\/"},"sameAs":["https:\/\/www.facebook.com\/yourbrandchampion","https:\/\/x.com\/OfficialKingMkt","https:\/\/www.linkedin.com\/company\/king-marketing-ltd\/"]}]}},"_links":{"self":[{"href":"https:\/\/kingmkt.com\/fr\/wp-json\/wp\/v2\/pages\/919","targetHints":{"allow":["GET"]}}],"collection":[{"href":"https:\/\/kingmkt.com\/fr\/wp-json\/wp\/v2\/pages"}],"about":[{"href":"https:\/\/kingmkt.com\/fr\/wp-json\/wp\/v2\/types\/page"}],"author":[{"embeddable":true,"href":"https:\/\/kingmkt.com\/fr\/wp-json\/wp\/v2\/users\/1"}],"replies":[{"embeddable":true,"href":"https:\/\/kingmkt.com\/fr\/wp-json\/wp\/v2\/comments?post=919"}],"version-history":[{"count":1,"href":"https:\/\/kingmkt.com\/fr\/wp-json\/wp\/v2\/pages\/919\/revisions"}],"predecessor-version":[{"id":920,"href":"https:\/\/kingmkt.com\/fr\/wp-json\/wp\/v2\/pages\/919\/revisions\/920"}],"wp:attachment":[{"href":"https:\/\/kingmkt.com\/fr\/wp-json\/wp\/v2\/media?parent=919"}],"curies":[{"name":"wp","href":"https:\/\/api.w.org\/{rel}","templated":true}]}}