{"id":921,"date":"2024-02-21T23:54:03","date_gmt":"2024-02-21T23:54:03","guid":{"rendered":"https:\/\/kingmkt.com\/contact\/"},"modified":"2025-01-28T18:45:00","modified_gmt":"2025-01-28T18:45:00","slug":"contact","status":"publish","type":"page","link":"https:\/\/kingmkt.com\/fr\/contact\/","title":{"rendered":"Contact"},"content":{"rendered":"\n<style type=\"text\/css\" data-created_by=\"avia_inline_auto\" id=\"style-css-av-lu7zcx2n-73e424dfe2b00cde9f618e069a4393b3\">\n.avia-section.av-lu7zcx2n-73e424dfe2b00cde9f618e069a4393b3{\nbackground-repeat:no-repeat;\nbackground-image:url(https:\/\/kingmkt.com\/wp-content\/uploads\/2024\/04\/KM-Category-Contact-Rev-scaled.jpg);\nbackground-position:50% 50%;\nbackground-attachment:scroll;\n}\n.avia-section.av-lu7zcx2n-73e424dfe2b00cde9f618e069a4393b3 .av-section-color-overlay{\nopacity:0.3;\nbackground-color:#000000;\n}\n<\/style>\n<div id='av_section_1'  class='avia-section av-lu7zcx2n-73e424dfe2b00cde9f618e069a4393b3 main_color avia-section-default avia-no-border-styling  avia-builder-el-0  el_before_av_section  avia-builder-el-first  page-title avia-full-stretch avia-bg-style-scroll av-section-color-overlay-active av-minimum-height av-minimum-height-75 av-height-75  container_wrap fullsize'  data-section-bg-repeat='stretch' data-av_minimum_height_pc='75' data-av_min_height_opt='75'><div class=\"av-section-color-overlay-wrap\"><div class=\"av-section-color-overlay\"><\/div><div class='container av-section-cont-open' ><main  role=\"main\" itemprop=\"mainContentOfPage\"  class='template-page content  av-content-full alpha units'><div class='post-entry post-entry-type-page post-entry-921'><div class='entry-content-wrapper clearfix'>\n<div  class='flex_column av-50mhw-70cff6ec96c23d6da985f8b240b50929 av_three_fifth  avia-builder-el-1  avia-builder-el-no-sibling  first flex_column_div  '     ><style type=\"text\/css\" data-created_by=\"avia_inline_auto\" id=\"style-css-av-lu7zi3m4-66d6cec99bbad5c1c884bd042604d542\">\n#top .av-special-heading.av-lu7zi3m4-66d6cec99bbad5c1c884bd042604d542{\npadding-bottom:10px;\ncolor:#ffffff;\n}\nbody .av-special-heading.av-lu7zi3m4-66d6cec99bbad5c1c884bd042604d542 .av-special-heading-tag .heading-char{\nfont-size:25px;\n}\n.av-special-heading.av-lu7zi3m4-66d6cec99bbad5c1c884bd042604d542 .special-heading-inner-border{\nborder-color:#ffffff;\n}\n.av-special-heading.av-lu7zi3m4-66d6cec99bbad5c1c884bd042604d542 .av-subheading{\nfont-size:15px;\n}\n<\/style>\n<div  class='av-special-heading av-lu7zi3m4-66d6cec99bbad5c1c884bd042604d542 av-special-heading-h1 custom-color-heading blockquote modern-quote  avia-builder-el-2  avia-builder-el-no-sibling '><h1 class='av-special-heading-tag'  itemprop=\"headline\"  >CONTACTEZ KING MARKETING<\/h1><div class=\"special-heading-border\"><div class=\"special-heading-inner-border\"><\/div><\/div><\/div><\/div>\n\n<\/div><\/div><\/main><!-- close content main element --><\/div><\/div><\/div><div id='av_section_2'  class='avia-section av-4me2o-c0fd71b021088a55435dd1f005048eee main_color avia-section-default avia-no-border-styling  avia-builder-el-3  el_after_av_section  el_before_av_section  gray avia-bg-style-scroll container_wrap fullsize'  ><div class='container av-section-cont-open' ><div class='template-page content  av-content-full alpha units'><div class='post-entry post-entry-type-page post-entry-921'><div class='entry-content-wrapper clearfix'>\n<div  class='flex_column av-3xw7g-2a1e723a5b8b227be40be2477d730909 av_four_fifth  avia-builder-el-4  el_before_av_three_fourth  avia-builder-el-first  first flex_column_div  '     ><style type=\"text\/css\" data-created_by=\"avia_inline_auto\" id=\"style-css-av-lu7zifgn-992fed30ace625cdce52d52b33534d3a\">\n#top .av-special-heading.av-lu7zifgn-992fed30ace625cdce52d52b33534d3a{\npadding-bottom:10px;\n}\nbody .av-special-heading.av-lu7zifgn-992fed30ace625cdce52d52b33534d3a .av-special-heading-tag .heading-char{\nfont-size:25px;\n}\n.av-special-heading.av-lu7zifgn-992fed30ace625cdce52d52b33534d3a .av-subheading{\nfont-size:15px;\n}\n<\/style>\n<div  class='av-special-heading av-lu7zifgn-992fed30ace625cdce52d52b33534d3a av-special-heading-h2 blockquote modern-quote  avia-builder-el-5  avia-builder-el-no-sibling '><h2 class='av-special-heading-tag'  itemprop=\"headline\"  >Nous contacter<\/h2><div class=\"special-heading-border\"><div class=\"special-heading-inner-border\"><\/div><\/div><\/div><\/div><div class='flex_column_table av-3j10s-36596913a34960f289d4b1b42c909b24 sc-av_three_fourth av-equal-height-column-flextable'><div  class='flex_column av-3j10s-36596913a34960f289d4b1b42c909b24 av_three_fourth  avia-builder-el-6  el_after_av_four_fifth  avia-builder-el-last  first flex_column_table_cell av-equal-height-column av-align-top  '     ><section  class='av_textblock_section av-lu7ziyla-f7f46b147ac490ac322288dd20562465 '   itemscope=\"itemscope\" itemtype=\"https:\/\/schema.org\/CreativeWork\" ><div class='avia_textblock'  itemprop=\"text\" ><p>Nous aimerions avoir votre avis.<br \/>\nChoisissez simplement la m\u00e9thode la plus pratique et nous vous r\u00e9pondrons d\u00e8s que possible.<\/p>\n<\/div><\/section><\/div><\/div><!--close column table wrapper. Autoclose: 1 -->\n\n<\/div><\/div><\/div><!-- close content main div --><\/div><\/div>\n<style type=\"text\/css\" data-created_by=\"avia_inline_auto\" id=\"style-css-av-lu84qf18-124951d4e587657dd56b703ad1d86630\">\n.avia-section.av-lu84qf18-124951d4e587657dd56b703ad1d86630{\nmargin-top:0px;\nmargin-bottom:70px;\n}\n<\/style>\n<div id='av_section_3'  class='avia-section av-lu84qf18-124951d4e587657dd56b703ad1d86630 main_color avia-section-default avia-no-border-styling  avia-builder-el-8  el_after_av_section  avia-builder-el-last  avia-bg-style-scroll container_wrap fullsize'  ><div class='container av-section-cont-open' ><div class='template-page content  av-content-full alpha units'><div class='post-entry post-entry-type-page post-entry-921'><div class='entry-content-wrapper clearfix'>\n<div  class='flex_column av-508u8-b54066bf5ac551235e4a0805c0878753 av_one_half  avia-builder-el-9  el_before_av_one_half  avia-builder-el-first  first flex_column_div  '     ><section  class='av_textblock_section av-3qyfs-dd4f05d32fd9186bb64c796ac1384578 '   itemscope=\"itemscope\" itemtype=\"https:\/\/schema.org\/CreativeWork\" ><div class='avia_textblock av_inherit_color'  itemprop=\"text\" ><div id=\"1416122262\" class=\"u_1416122262 dmNewParagraph\" data-version=\"5\">\n<p><strong>Addresse: Ontario<\/strong><\/p>\n<\/div>\n<div id=\"1922464116\" class=\"u_1922464116 dmNewParagraph\" data-element-type=\"paragraph\" data-version=\"5\">\n<p>2905 Argentia Rd, Unit 4<\/p>\n<p>Mississauga, ON L5N 8G6<\/p>\n<p><a href=\"https:\/\/goo.gl\/maps\/PwdtGCy4EnLWrUEd8\" target=\"_blank\" rel=\"noopener\" type=\"url\">Obtenir l&rsquo;itin\u00e9raire<\/a><\/p>\n<\/div>\n<\/div><\/section><br \/>\n<section  class='av_textblock_section av-3kk9o-0e42719d1b148f515579401a09852520 '   itemscope=\"itemscope\" itemtype=\"https:\/\/schema.org\/CreativeWork\" ><div class='avia_textblock av_inherit_color'  itemprop=\"text\" ><p class=\"text-align-left\">p : <a href=\"tel:1-877-844-5464\" target=\"_blank\" rel=\"noopener\" type=\"call\">(877) 844-5464<\/a><\/p>\n<p class=\"text-align-left\">e : <a href=\"mailto:sales@kingmkt.com\" target=\"_blank\" rel=\"noopener\" type=\"email\">sales@kingmkt.com<\/a><\/p>\n<\/div><\/section><\/p><\/div><div  class='flex_column av-2u194-10ad46fcd88bb762940d266a756a5ac0 av_one_half  avia-builder-el-12  el_after_av_one_half  avia-builder-el-last  flex_column_div  '     ><p>\n<style type=\"text\/css\" data-created_by=\"avia_inline_auto\" id=\"style-css-av-26hkg-e4f043a4efc88e3aaa89c353d43ea050\">\n#top .av-special-heading.av-26hkg-e4f043a4efc88e3aaa89c353d43ea050{\npadding-bottom:10px;\n}\nbody .av-special-heading.av-26hkg-e4f043a4efc88e3aaa89c353d43ea050 .av-special-heading-tag .heading-char{\nfont-size:25px;\n}\n.av-special-heading.av-26hkg-e4f043a4efc88e3aaa89c353d43ea050 .av-subheading{\nfont-size:15px;\n}\n<\/style>\n<div  class='av-special-heading av-26hkg-e4f043a4efc88e3aaa89c353d43ea050 av-special-heading-h3 blockquote modern-quote  avia-builder-el-13  el_before_av_sidebar  avia-builder-el-first '><h3 class='av-special-heading-tag'  itemprop=\"headline\"  >Merci De Me Contacter&#8230;<\/h3><div class=\"special-heading-border\"><div class=\"special-heading-inner-border\"><\/div><\/div><\/div><br \/>\n<br \/>\n<section  class='av_textblock_section av-134to-6107eb9db6643a8bb9dcad7710f61a40 '   itemscope=\"itemscope\" itemtype=\"https:\/\/schema.org\/CreativeWork\" ><div class='avia_textblock'  itemprop=\"text\" ><p>King Marketing a besoin des coordonn\u00e9es que vous nous fournissez pour vous contacter au sujet de nos produits et services. Vous pouvez vous d\u00e9sabonner de ces communications \u00e0 tout moment. Pour plus d&rsquo;informations sur la mani\u00e8re de se d\u00e9sinscrire, ainsi que sur nos pratiques en mati\u00e8re de confidentialit\u00e9 et notre engagement \u00e0 prot\u00e9ger votre vie priv\u00e9e, veuillez consulter notre Politique de Confidentialit\u00e9.<\/p>\n<\/div><\/section><\/p><\/div>\n","protected":false},"excerpt":{"rendered":"","protected":false},"author":1,"featured_media":0,"parent":0,"menu_order":0,"comment_status":"closed","ping_status":"closed","template":"","meta":{"footnotes":""},"class_list":["post-921","page","type-page","status-publish","hentry"],"yoast_head":"<!-- This site is optimized with the Yoast SEO plugin v27.4 - https:\/\/yoast.com\/product\/yoast-seo-wordpress\/ -->\n<title>Contact - King Marketing<\/title>\n<meta name=\"robots\" content=\"index, follow, max-snippet:-1, max-image-preview:large, max-video-preview:-1\" \/>\n<link rel=\"canonical\" href=\"https:\/\/kingmkt.com\/fr\/contact\/\" \/>\n<meta property=\"og:locale\" content=\"fr_FR\" \/>\n<meta property=\"og:type\" content=\"article\" \/>\n<meta property=\"og:title\" content=\"Contact - King Marketing\" \/>\n<meta property=\"og:url\" content=\"https:\/\/kingmkt.com\/fr\/contact\/\" \/>\n<meta property=\"og:site_name\" content=\"King Marketing\" \/>\n<meta property=\"article:publisher\" content=\"https:\/\/www.facebook.com\/yourbrandchampion\" \/>\n<meta property=\"article:modified_time\" content=\"2025-01-28T18:45:00+00:00\" \/>\n<meta name=\"twitter:card\" content=\"summary_large_image\" \/>\n<meta name=\"twitter:site\" content=\"@OfficialKingMkt\" \/>\n<meta name=\"twitter:label1\" content=\"Dur\u00e9e de lecture estim\u00e9e\" \/>\n\t<meta name=\"twitter:data1\" content=\"1 minute\" \/>\n<script type=\"application\/ld+json\" class=\"yoast-schema-graph\">{\"@context\":\"https:\\\/\\\/schema.org\",\"@graph\":[{\"@type\":\"WebPage\",\"@id\":\"https:\\\/\\\/kingmkt.com\\\/fr\\\/contact\\\/\",\"url\":\"https:\\\/\\\/kingmkt.com\\\/fr\\\/contact\\\/\",\"name\":\"Contact - King Marketing\",\"isPartOf\":{\"@id\":\"https:\\\/\\\/kingmkt.com\\\/fr\\\/#website\"},\"datePublished\":\"2024-02-21T23:54:03+00:00\",\"dateModified\":\"2025-01-28T18:45:00+00:00\",\"breadcrumb\":{\"@id\":\"https:\\\/\\\/kingmkt.com\\\/fr\\\/contact\\\/#breadcrumb\"},\"inLanguage\":\"fr-FR\",\"potentialAction\":[{\"@type\":\"ReadAction\",\"target\":[\"https:\\\/\\\/kingmkt.com\\\/fr\\\/contact\\\/\"]}]},{\"@type\":\"BreadcrumbList\",\"@id\":\"https:\\\/\\\/kingmkt.com\\\/fr\\\/contact\\\/#breadcrumb\",\"itemListElement\":[{\"@type\":\"ListItem\",\"position\":1,\"name\":\"Home\",\"item\":\"https:\\\/\\\/kingmkt.com\\\/fr\\\/\"},{\"@type\":\"ListItem\",\"position\":2,\"name\":\"Contact\"}]},{\"@type\":\"WebSite\",\"@id\":\"https:\\\/\\\/kingmkt.com\\\/fr\\\/#website\",\"url\":\"https:\\\/\\\/kingmkt.com\\\/fr\\\/\",\"name\":\"King Marketing\",\"description\":\"Home Improvement Sales and Merchandising Services\",\"publisher\":{\"@id\":\"https:\\\/\\\/kingmkt.com\\\/fr\\\/#organization\"},\"potentialAction\":[{\"@type\":\"SearchAction\",\"target\":{\"@type\":\"EntryPoint\",\"urlTemplate\":\"https:\\\/\\\/kingmkt.com\\\/fr\\\/?s={search_term_string}\"},\"query-input\":{\"@type\":\"PropertyValueSpecification\",\"valueRequired\":true,\"valueName\":\"search_term_string\"}}],\"inLanguage\":\"fr-FR\"},{\"@type\":\"Organization\",\"@id\":\"https:\\\/\\\/kingmkt.com\\\/fr\\\/#organization\",\"name\":\"King Marketing\",\"url\":\"https:\\\/\\\/kingmkt.com\\\/fr\\\/\",\"logo\":{\"@type\":\"ImageObject\",\"inLanguage\":\"fr-FR\",\"@id\":\"https:\\\/\\\/kingmkt.com\\\/fr\\\/#\\\/schema\\\/logo\\\/image\\\/\",\"url\":\"https:\\\/\\\/kingmkt.com\\\/wp-content\\\/uploads\\\/2024\\\/07\\\/KM-Logo-1.png\",\"contentUrl\":\"https:\\\/\\\/kingmkt.com\\\/wp-content\\\/uploads\\\/2024\\\/07\\\/KM-Logo-1.png\",\"width\":512,\"height\":512,\"caption\":\"King Marketing\"},\"image\":{\"@id\":\"https:\\\/\\\/kingmkt.com\\\/fr\\\/#\\\/schema\\\/logo\\\/image\\\/\"},\"sameAs\":[\"https:\\\/\\\/www.facebook.com\\\/yourbrandchampion\",\"https:\\\/\\\/x.com\\\/OfficialKingMkt\",\"https:\\\/\\\/www.linkedin.com\\\/company\\\/king-marketing-ltd\\\/\"]}]}<\/script>\n<!-- \/ Yoast SEO plugin. -->","yoast_head_json":{"title":"Contact - King Marketing","robots":{"index":"index","follow":"follow","max-snippet":"max-snippet:-1","max-image-preview":"max-image-preview:large","max-video-preview":"max-video-preview:-1"},"canonical":"https:\/\/kingmkt.com\/fr\/contact\/","og_locale":"fr_FR","og_type":"article","og_title":"Contact - King Marketing","og_url":"https:\/\/kingmkt.com\/fr\/contact\/","og_site_name":"King Marketing","article_publisher":"https:\/\/www.facebook.com\/yourbrandchampion","article_modified_time":"2025-01-28T18:45:00+00:00","twitter_card":"summary_large_image","twitter_site":"@OfficialKingMkt","twitter_misc":{"Dur\u00e9e de lecture estim\u00e9e":"1 minute"},"schema":{"@context":"https:\/\/schema.org","@graph":[{"@type":"WebPage","@id":"https:\/\/kingmkt.com\/fr\/contact\/","url":"https:\/\/kingmkt.com\/fr\/contact\/","name":"Contact - King Marketing","isPartOf":{"@id":"https:\/\/kingmkt.com\/fr\/#website"},"datePublished":"2024-02-21T23:54:03+00:00","dateModified":"2025-01-28T18:45:00+00:00","breadcrumb":{"@id":"https:\/\/kingmkt.com\/fr\/contact\/#breadcrumb"},"inLanguage":"fr-FR","potentialAction":[{"@type":"ReadAction","target":["https:\/\/kingmkt.com\/fr\/contact\/"]}]},{"@type":"BreadcrumbList","@id":"https:\/\/kingmkt.com\/fr\/contact\/#breadcrumb","itemListElement":[{"@type":"ListItem","position":1,"name":"Home","item":"https:\/\/kingmkt.com\/fr\/"},{"@type":"ListItem","position":2,"name":"Contact"}]},{"@type":"WebSite","@id":"https:\/\/kingmkt.com\/fr\/#website","url":"https:\/\/kingmkt.com\/fr\/","name":"King Marketing","description":"Home Improvement Sales and Merchandising Services","publisher":{"@id":"https:\/\/kingmkt.com\/fr\/#organization"},"potentialAction":[{"@type":"SearchAction","target":{"@type":"EntryPoint","urlTemplate":"https:\/\/kingmkt.com\/fr\/?s={search_term_string}"},"query-input":{"@type":"PropertyValueSpecification","valueRequired":true,"valueName":"search_term_string"}}],"inLanguage":"fr-FR"},{"@type":"Organization","@id":"https:\/\/kingmkt.com\/fr\/#organization","name":"King Marketing","url":"https:\/\/kingmkt.com\/fr\/","logo":{"@type":"ImageObject","inLanguage":"fr-FR","@id":"https:\/\/kingmkt.com\/fr\/#\/schema\/logo\/image\/","url":"https:\/\/kingmkt.com\/wp-content\/uploads\/2024\/07\/KM-Logo-1.png","contentUrl":"https:\/\/kingmkt.com\/wp-content\/uploads\/2024\/07\/KM-Logo-1.png","width":512,"height":512,"caption":"King Marketing"},"image":{"@id":"https:\/\/kingmkt.com\/fr\/#\/schema\/logo\/image\/"},"sameAs":["https:\/\/www.facebook.com\/yourbrandchampion","https:\/\/x.com\/OfficialKingMkt","https:\/\/www.linkedin.com\/company\/king-marketing-ltd\/"]}]}},"_links":{"self":[{"href":"https:\/\/kingmkt.com\/fr\/wp-json\/wp\/v2\/pages\/921","targetHints":{"allow":["GET"]}}],"collection":[{"href":"https:\/\/kingmkt.com\/fr\/wp-json\/wp\/v2\/pages"}],"about":[{"href":"https:\/\/kingmkt.com\/fr\/wp-json\/wp\/v2\/types\/page"}],"author":[{"embeddable":true,"href":"https:\/\/kingmkt.com\/fr\/wp-json\/wp\/v2\/users\/1"}],"replies":[{"embeddable":true,"href":"https:\/\/kingmkt.com\/fr\/wp-json\/wp\/v2\/comments?post=921"}],"version-history":[{"count":5,"href":"https:\/\/kingmkt.com\/fr\/wp-json\/wp\/v2\/pages\/921\/revisions"}],"predecessor-version":[{"id":1497,"href":"https:\/\/kingmkt.com\/fr\/wp-json\/wp\/v2\/pages\/921\/revisions\/1497"}],"wp:attachment":[{"href":"https:\/\/kingmkt.com\/fr\/wp-json\/wp\/v2\/media?parent=921"}],"curies":[{"name":"wp","href":"https:\/\/api.w.org\/{rel}","templated":true}]}}