{"id":929,"date":"2024-02-21T23:47:16","date_gmt":"2024-02-21T23:47:16","guid":{"rendered":"https:\/\/kingmkt.com\/notre-expertise\/"},"modified":"2024-05-06T21:53:11","modified_gmt":"2024-05-06T21:53:11","slug":"notre-expertise","status":"publish","type":"page","link":"https:\/\/kingmkt.com\/fr\/notre-expertise\/","title":{"rendered":"Notre Expertise"},"content":{"rendered":"\n<style type=\"text\/css\" data-created_by=\"avia_inline_auto\" id=\"style-css-av-ltt1w7nt-fcf2248d51ad87700d18dfd1fc9821cc\">\n.avia-section.av-ltt1w7nt-fcf2248d51ad87700d18dfd1fc9821cc{\nbackground-repeat:no-repeat;\nbackground-image:url(https:\/\/kingmkt.com\/wp-content\/uploads\/2024\/04\/KM-Category-News-Rev-scaled.jpg);\nbackground-position:50% 0%;\nbackground-attachment:scroll;\n}\n.avia-section.av-ltt1w7nt-fcf2248d51ad87700d18dfd1fc9821cc .av-section-color-overlay{\nopacity:0.3;\nbackground-color:#000000;\n}\n<\/style>\n<div id='av_section_1'  class='avia-section av-ltt1w7nt-fcf2248d51ad87700d18dfd1fc9821cc main_color avia-section-default avia-no-border-styling  avia-builder-el-0  el_before_av_section  avia-builder-el-first  page-title avia-full-stretch avia-bg-style-scroll av-section-color-overlay-active av-minimum-height av-minimum-height-75 av-height-75  container_wrap fullsize'  data-section-bg-repeat='stretch' data-av_minimum_height_pc='75' data-av_min_height_opt='75'><div class=\"av-section-color-overlay-wrap\"><div class=\"av-section-color-overlay\"><\/div><div class='container av-section-cont-open' ><main  role=\"main\" itemprop=\"mainContentOfPage\"  class='template-page content  av-content-full alpha units'><div class='post-entry post-entry-type-page post-entry-929'><div class='entry-content-wrapper clearfix'>\n<div  class='flex_column av-86n43-9150eb76a416420e584a0f09a3813517 av_three_fifth  avia-builder-el-1  avia-builder-el-no-sibling  first flex_column_div  '     ><style type=\"text\/css\" data-created_by=\"avia_inline_auto\" id=\"style-css-av-ltt22wq8-bbf6a651633863edd13f61db24e66dc9\">\n#top .av-special-heading.av-ltt22wq8-bbf6a651633863edd13f61db24e66dc9{\npadding-bottom:10px;\ncolor:#ffffff;\n}\nbody .av-special-heading.av-ltt22wq8-bbf6a651633863edd13f61db24e66dc9 .av-special-heading-tag .heading-char{\nfont-size:25px;\n}\n.av-special-heading.av-ltt22wq8-bbf6a651633863edd13f61db24e66dc9 .special-heading-inner-border{\nborder-color:#ffffff;\n}\n.av-special-heading.av-ltt22wq8-bbf6a651633863edd13f61db24e66dc9 .av-subheading{\nfont-size:15px;\n}\n<\/style>\n<div  class='av-special-heading av-ltt22wq8-bbf6a651633863edd13f61db24e66dc9 av-special-heading-h1 custom-color-heading blockquote modern-quote  avia-builder-el-2  avia-builder-el-no-sibling '><h1 class='av-special-heading-tag'  itemprop=\"headline\"  >Notre Expertise<\/h1><div class=\"special-heading-border\"><div class=\"special-heading-inner-border\"><\/div><\/div><\/div><\/div><\/div><\/div><\/main><!-- close content main element --><\/div><\/div><\/div>\n<style type=\"text\/css\" data-created_by=\"avia_inline_auto\" id=\"style-css-av-ltt1wxmj-d4b7d36d81d330e64f2703c13b54dbe5\">\n.avia-section.av-ltt1wxmj-d4b7d36d81d330e64f2703c13b54dbe5{\nmargin-bottom:70px;\n}\n<\/style>\n<div id='av_section_2'  class='avia-section av-ltt1wxmj-d4b7d36d81d330e64f2703c13b54dbe5 main_color avia-section-default avia-no-border-styling  avia-builder-el-3  el_after_av_section  avia-builder-el-last  gray avia-bg-style-scroll container_wrap fullsize'  ><div class='container av-section-cont-open' ><div class='template-page content  av-content-full alpha units'><div class='post-entry post-entry-type-page post-entry-929'><div class='entry-content-wrapper clearfix'>\n<div class='flex_column_table av-7ilwv-4ddc5c6ae7d43c8c35347334654d7bfe sc-av_one_third av-equal-height-column-flextable'>\n<style type=\"text\/css\" data-created_by=\"avia_inline_auto\" id=\"style-css-av-7ilwv-4ddc5c6ae7d43c8c35347334654d7bfe\">\n#top .flex_column_table.av-equal-height-column-flextable.av-7ilwv-4ddc5c6ae7d43c8c35347334654d7bfe{\nmargin-top:0px;\nmargin-bottom:0px;\n}\n<\/style>\n<div  class='flex_column av-7ilwv-4ddc5c6ae7d43c8c35347334654d7bfe av_one_third  avia-builder-el-4  el_before_av_one_third  avia-builder-el-first  first flex_column_table_cell av-equal-height-column av-align-top avia-link-column av-column-link  '    data-link-column-url=\"https:\/\/kingmkt.com\/what-we-do\/merchandising\/\"   ><a class=\"av-screen-reader-only\" href=https:\/\/kingmkt.com\/what-we-do\/merchandising\/ >Lier vers : Merchandising<\/a><p>\n<style type=\"text\/css\" data-created_by=\"avia_inline_auto\" id=\"style-css-av-74bvb-533c1f5b62d2ddf4f255bb051b607163\">\n.avia-image-container.av-74bvb-533c1f5b62d2ddf4f255bb051b607163 img.avia_image{\nbox-shadow:none;\n}\n.avia-image-container.av-74bvb-533c1f5b62d2ddf4f255bb051b607163 .av-image-caption-overlay-center{\ncolor:#ffffff;\n}\n<\/style>\n<div  class='avia-image-container av-74bvb-533c1f5b62d2ddf4f255bb051b607163 av-styling- avia-align-center  avia-builder-el-5  el_before_av_heading  avia-builder-el-first  column-image'   itemprop=\"image\" itemscope=\"itemscope\" itemtype=\"https:\/\/schema.org\/ImageObject\" ><div class=\"avia-image-container-inner\"><div class=\"avia-image-overlay-wrap\"><img decoding=\"async\" fetchpriority=\"high\" class='wp-image-778 avia-img-lazy-loading-not-778 avia_image ' src=\"https:\/\/kingmkt.com\/wp-content\/uploads\/2024\/03\/Blue-Crown.png\" alt='' title='Blue Crown'  height=\"133\" width=\"200\"  itemprop=\"thumbnailUrl\"  \/><\/div><\/div><\/div><br \/>\n\n<style type=\"text\/css\" data-created_by=\"avia_inline_auto\" id=\"style-css-av-6aksz-6bb68c97ac42ed66f7764b0e5c217d6d\">\n#top .av-special-heading.av-6aksz-6bb68c97ac42ed66f7764b0e5c217d6d{\npadding-bottom:10px;\n}\nbody .av-special-heading.av-6aksz-6bb68c97ac42ed66f7764b0e5c217d6d .av-special-heading-tag .heading-char{\nfont-size:25px;\n}\n.av-special-heading.av-6aksz-6bb68c97ac42ed66f7764b0e5c217d6d .av-subheading{\nfont-size:15px;\n}\n<\/style>\n<div  class='av-special-heading av-6aksz-6bb68c97ac42ed66f7764b0e5c217d6d av-special-heading-h3 blockquote modern-quote  avia-builder-el-6  el_after_av_image  el_before_av_textblock '><h3 class='av-special-heading-tag'  itemprop=\"headline\"  >Marchandisage en magasin<\/h3><div class=\"special-heading-border\"><div class=\"special-heading-inner-border\"><\/div><\/div><\/div><br \/>\n<section  class='av_textblock_section av-lcrj-c208a700ad28b757394996963e5014a7 '   itemscope=\"itemscope\" itemtype=\"https:\/\/schema.org\/CreativeWork\" ><div class='avia_textblock'  itemprop=\"text\" ><p>Services de merchandising d\u00e9di\u00e9s pour les fabricants aupr\u00e8s des grands comptes nationaux et des magasins \u00ab box \u00bb<\/p>\n<p>En savoir plus &gt; &gt;<\/p>\n<\/div><\/section><\/p><\/div><div class='av-flex-placeholder'><\/div>\n<style type=\"text\/css\" data-created_by=\"avia_inline_auto\" id=\"style-css-av-59f5f-10c3d0e9ed7978060cdf850aaa092d01\">\n#top .flex_column_table.av-equal-height-column-flextable.av-59f5f-10c3d0e9ed7978060cdf850aaa092d01{\nmargin-top:0px;\nmargin-bottom:0px;\n}\n<\/style>\n<div  class='flex_column av-59f5f-10c3d0e9ed7978060cdf850aaa092d01 av_one_third  avia-builder-el-8  el_after_av_one_third  el_before_av_one_third  flex_column_table_cell av-equal-height-column av-align-top avia-link-column av-column-link  '    data-link-column-url=\"https:\/\/kingmkt.com\/what-we-do\/sales-marketing\/\"   ><a class=\"av-screen-reader-only\" href=https:\/\/kingmkt.com\/what-we-do\/sales-marketing\/ >Lier vers : Sales &#038; marketing<\/a><p>\n<style type=\"text\/css\" data-created_by=\"avia_inline_auto\" id=\"style-css-av-4l7e3-eb2a5c4287bbd218f31ce76ea68c4300\">\n.avia-image-container.av-4l7e3-eb2a5c4287bbd218f31ce76ea68c4300 img.avia_image{\nbox-shadow:none;\n}\n.avia-image-container.av-4l7e3-eb2a5c4287bbd218f31ce76ea68c4300 .av-image-caption-overlay-center{\ncolor:#ffffff;\n}\n<\/style>\n<div  class='avia-image-container av-4l7e3-eb2a5c4287bbd218f31ce76ea68c4300 av-styling- avia-align-center  avia-builder-el-9  el_before_av_heading  avia-builder-el-first  column-image'   itemprop=\"image\" itemscope=\"itemscope\" itemtype=\"https:\/\/schema.org\/ImageObject\" ><div class=\"avia-image-container-inner\"><div class=\"avia-image-overlay-wrap\"><img decoding=\"async\" fetchpriority=\"high\" class='wp-image-779 avia-img-lazy-loading-not-779 avia_image ' src=\"https:\/\/kingmkt.com\/wp-content\/uploads\/2024\/03\/Purple-Crown.png\" alt='' title='Purple Crown'  height=\"133\" width=\"200\"  itemprop=\"thumbnailUrl\"  \/><\/div><\/div><\/div><br \/>\n\n<style type=\"text\/css\" data-created_by=\"avia_inline_auto\" id=\"style-css-av-3qh2b-564a33c32508937f44650431a5965912\">\n#top .av-special-heading.av-3qh2b-564a33c32508937f44650431a5965912{\npadding-bottom:10px;\n}\nbody .av-special-heading.av-3qh2b-564a33c32508937f44650431a5965912 .av-special-heading-tag .heading-char{\nfont-size:25px;\n}\n.av-special-heading.av-3qh2b-564a33c32508937f44650431a5965912 .av-subheading{\nfont-size:15px;\n}\n<\/style>\n<div  class='av-special-heading av-3qh2b-564a33c32508937f44650431a5965912 av-special-heading-h3 blockquote modern-quote  avia-builder-el-10  el_after_av_image  el_before_av_textblock '><h3 class='av-special-heading-tag'  itemprop=\"headline\"  >Repr\u00e9sentation Commerciale et Marketing<\/h3><div class=\"special-heading-border\"><div class=\"special-heading-inner-border\"><\/div><\/div><\/div><br \/>\n<section  class='av_textblock_section av-36unr-1aa1345c874d5a89abf8781f01f085e0 '   itemscope=\"itemscope\" itemtype=\"https:\/\/schema.org\/CreativeWork\" ><div class='avia_textblock'  itemprop=\"text\" ><p class=\"text-align-left m-size-13 size-18\">Notre \u00e9quipe fera tout ce qu&rsquo;il faut pour augmenter vos ventes et s&rsquo;assurer que vos produits sont \u00ab \u00e0 l&rsquo;avant-plan \u00bb aupr\u00e8s de l&rsquo;acheteur et \u00ab \u00e0 l&rsquo;avant-plan \u00bb dans les magasins.<\/p>\n<p>En savoir plus &gt; &gt;<\/p>\n<\/div><\/section><\/p><\/div><div class='av-flex-placeholder'><\/div>\n<style type=\"text\/css\" data-created_by=\"avia_inline_auto\" id=\"style-css-av-2v9dj-b9660f388b44764d8694e21055000a97\">\n#top .flex_column_table.av-equal-height-column-flextable.av-2v9dj-b9660f388b44764d8694e21055000a97{\nmargin-top:0px;\nmargin-bottom:0px;\n}\n<\/style>\n<div  class='flex_column av-2v9dj-b9660f388b44764d8694e21055000a97 av_one_third  avia-builder-el-12  el_after_av_one_third  avia-builder-el-last  flex_column_table_cell av-equal-height-column av-align-top avia-link-column av-column-link  '    data-link-column-url=\"https:\/\/kingmkt.com\/what-we-do\/pro-sales\/\"   ><a class=\"av-screen-reader-only\" href=https:\/\/kingmkt.com\/what-we-do\/pro-sales\/ >Lier vers : Pro Sales<\/a><p>\n<style type=\"text\/css\" data-created_by=\"avia_inline_auto\" id=\"style-css-av-29u8f-47572a110d14a238c5ba74c0ec913694\">\n.avia-image-container.av-29u8f-47572a110d14a238c5ba74c0ec913694 img.avia_image{\nbox-shadow:none;\n}\n.avia-image-container.av-29u8f-47572a110d14a238c5ba74c0ec913694 .av-image-caption-overlay-center{\ncolor:#ffffff;\n}\n<\/style>\n<div  class='avia-image-container av-29u8f-47572a110d14a238c5ba74c0ec913694 av-styling- avia-align-center  avia-builder-el-13  el_before_av_heading  avia-builder-el-first  column-image'   itemprop=\"image\" itemscope=\"itemscope\" itemtype=\"https:\/\/schema.org\/ImageObject\" ><div class=\"avia-image-container-inner\"><div class=\"avia-image-overlay-wrap\"><img decoding=\"async\" fetchpriority=\"high\" class='wp-image-780 avia-img-lazy-loading-not-780 avia_image ' src=\"https:\/\/kingmkt.com\/wp-content\/uploads\/2024\/03\/Gold-Crown.png\" alt='' title='Gold Crown'  height=\"133\" width=\"200\"  itemprop=\"thumbnailUrl\"  \/><\/div><\/div><\/div><br \/>\n\n<style type=\"text\/css\" data-created_by=\"avia_inline_auto\" id=\"style-css-av-1i3rz-5506ceedc7b36e0bde7482e65a23fbb0\">\n#top .av-special-heading.av-1i3rz-5506ceedc7b36e0bde7482e65a23fbb0{\npadding-bottom:10px;\n}\nbody .av-special-heading.av-1i3rz-5506ceedc7b36e0bde7482e65a23fbb0 .av-special-heading-tag .heading-char{\nfont-size:25px;\n}\n.av-special-heading.av-1i3rz-5506ceedc7b36e0bde7482e65a23fbb0 .av-subheading{\nfont-size:15px;\n}\n<\/style>\n<div  class='av-special-heading av-1i3rz-5506ceedc7b36e0bde7482e65a23fbb0 av-special-heading-h3 blockquote modern-quote  avia-builder-el-14  el_after_av_image  el_before_av_textblock '><h3 class='av-special-heading-tag'  itemprop=\"headline\"  >Repr\u00e9sentation Commerciale aux Professionnels<\/h3><div class=\"special-heading-border\"><div class=\"special-heading-inner-border\"><\/div><\/div><\/div><br \/>\n<section  class='av_textblock_section av-12kwj-0be1cafdb91eeab3b5115c331af4ca82 '   itemscope=\"itemscope\" itemtype=\"https:\/\/schema.org\/CreativeWork\" ><div class='avia_textblock'  itemprop=\"text\" ><p class=\"text-align-left m-size-13 size-18\">Repr\u00e9sentation professionnelle avec une \u00e9quipe de personnel qualifi\u00e9 qui augmentera les ventes des comptes commerciaux et industriels.<\/p>\n<p>En savoir plus &gt; &gt;<\/p>\n<\/div><\/section><\/p><\/div><\/div><!--close column table wrapper. Autoclose: 1 --><\/p>\n","protected":false},"excerpt":{"rendered":"","protected":false},"author":1,"featured_media":0,"parent":0,"menu_order":0,"comment_status":"closed","ping_status":"closed","template":"","meta":{"footnotes":""},"class_list":["post-929","page","type-page","status-publish","hentry"],"yoast_head":"<!-- This site is optimized with the Yoast SEO plugin v27.4 - https:\/\/yoast.com\/product\/yoast-seo-wordpress\/ -->\n<title>Notre Expertise - King Marketing<\/title>\n<meta name=\"robots\" content=\"index, follow, max-snippet:-1, max-image-preview:large, max-video-preview:-1\" \/>\n<link rel=\"canonical\" href=\"https:\/\/kingmkt.com\/fr\/notre-expertise\/\" \/>\n<meta property=\"og:locale\" content=\"fr_FR\" \/>\n<meta property=\"og:type\" content=\"article\" \/>\n<meta property=\"og:title\" content=\"Notre Expertise - King Marketing\" \/>\n<meta property=\"og:url\" content=\"https:\/\/kingmkt.com\/fr\/notre-expertise\/\" \/>\n<meta property=\"og:site_name\" content=\"King Marketing\" \/>\n<meta property=\"article:publisher\" content=\"https:\/\/www.facebook.com\/yourbrandchampion\" \/>\n<meta property=\"article:modified_time\" content=\"2024-05-06T21:53:11+00:00\" \/>\n<meta name=\"twitter:card\" content=\"summary_large_image\" \/>\n<meta name=\"twitter:site\" content=\"@OfficialKingMkt\" \/>\n<meta name=\"twitter:label1\" content=\"Dur\u00e9e de lecture estim\u00e9e\" \/>\n\t<meta name=\"twitter:data1\" content=\"24 minutes\" \/>\n<script type=\"application\/ld+json\" class=\"yoast-schema-graph\">{\"@context\":\"https:\\\/\\\/schema.org\",\"@graph\":[{\"@type\":\"WebPage\",\"@id\":\"https:\\\/\\\/kingmkt.com\\\/fr\\\/notre-expertise\\\/\",\"url\":\"https:\\\/\\\/kingmkt.com\\\/fr\\\/notre-expertise\\\/\",\"name\":\"Notre Expertise - King Marketing\",\"isPartOf\":{\"@id\":\"https:\\\/\\\/kingmkt.com\\\/fr\\\/#website\"},\"datePublished\":\"2024-02-21T23:47:16+00:00\",\"dateModified\":\"2024-05-06T21:53:11+00:00\",\"breadcrumb\":{\"@id\":\"https:\\\/\\\/kingmkt.com\\\/fr\\\/notre-expertise\\\/#breadcrumb\"},\"inLanguage\":\"fr-FR\",\"potentialAction\":[{\"@type\":\"ReadAction\",\"target\":[\"https:\\\/\\\/kingmkt.com\\\/fr\\\/notre-expertise\\\/\"]}]},{\"@type\":\"BreadcrumbList\",\"@id\":\"https:\\\/\\\/kingmkt.com\\\/fr\\\/notre-expertise\\\/#breadcrumb\",\"itemListElement\":[{\"@type\":\"ListItem\",\"position\":1,\"name\":\"Home\",\"item\":\"https:\\\/\\\/kingmkt.com\\\/fr\\\/\"},{\"@type\":\"ListItem\",\"position\":2,\"name\":\"Notre Expertise\"}]},{\"@type\":\"WebSite\",\"@id\":\"https:\\\/\\\/kingmkt.com\\\/fr\\\/#website\",\"url\":\"https:\\\/\\\/kingmkt.com\\\/fr\\\/\",\"name\":\"King Marketing\",\"description\":\"Home Improvement Sales and Merchandising Services\",\"publisher\":{\"@id\":\"https:\\\/\\\/kingmkt.com\\\/fr\\\/#organization\"},\"potentialAction\":[{\"@type\":\"SearchAction\",\"target\":{\"@type\":\"EntryPoint\",\"urlTemplate\":\"https:\\\/\\\/kingmkt.com\\\/fr\\\/?s={search_term_string}\"},\"query-input\":{\"@type\":\"PropertyValueSpecification\",\"valueRequired\":true,\"valueName\":\"search_term_string\"}}],\"inLanguage\":\"fr-FR\"},{\"@type\":\"Organization\",\"@id\":\"https:\\\/\\\/kingmkt.com\\\/fr\\\/#organization\",\"name\":\"King Marketing\",\"url\":\"https:\\\/\\\/kingmkt.com\\\/fr\\\/\",\"logo\":{\"@type\":\"ImageObject\",\"inLanguage\":\"fr-FR\",\"@id\":\"https:\\\/\\\/kingmkt.com\\\/fr\\\/#\\\/schema\\\/logo\\\/image\\\/\",\"url\":\"https:\\\/\\\/kingmkt.com\\\/wp-content\\\/uploads\\\/2024\\\/07\\\/KM-Logo-1.png\",\"contentUrl\":\"https:\\\/\\\/kingmkt.com\\\/wp-content\\\/uploads\\\/2024\\\/07\\\/KM-Logo-1.png\",\"width\":512,\"height\":512,\"caption\":\"King Marketing\"},\"image\":{\"@id\":\"https:\\\/\\\/kingmkt.com\\\/fr\\\/#\\\/schema\\\/logo\\\/image\\\/\"},\"sameAs\":[\"https:\\\/\\\/www.facebook.com\\\/yourbrandchampion\",\"https:\\\/\\\/x.com\\\/OfficialKingMkt\",\"https:\\\/\\\/www.linkedin.com\\\/company\\\/king-marketing-ltd\\\/\"]}]}<\/script>\n<!-- \/ Yoast SEO plugin. -->","yoast_head_json":{"title":"Notre Expertise - King Marketing","robots":{"index":"index","follow":"follow","max-snippet":"max-snippet:-1","max-image-preview":"max-image-preview:large","max-video-preview":"max-video-preview:-1"},"canonical":"https:\/\/kingmkt.com\/fr\/notre-expertise\/","og_locale":"fr_FR","og_type":"article","og_title":"Notre Expertise - King Marketing","og_url":"https:\/\/kingmkt.com\/fr\/notre-expertise\/","og_site_name":"King Marketing","article_publisher":"https:\/\/www.facebook.com\/yourbrandchampion","article_modified_time":"2024-05-06T21:53:11+00:00","twitter_card":"summary_large_image","twitter_site":"@OfficialKingMkt","twitter_misc":{"Dur\u00e9e de lecture estim\u00e9e":"24 minutes"},"schema":{"@context":"https:\/\/schema.org","@graph":[{"@type":"WebPage","@id":"https:\/\/kingmkt.com\/fr\/notre-expertise\/","url":"https:\/\/kingmkt.com\/fr\/notre-expertise\/","name":"Notre Expertise - King Marketing","isPartOf":{"@id":"https:\/\/kingmkt.com\/fr\/#website"},"datePublished":"2024-02-21T23:47:16+00:00","dateModified":"2024-05-06T21:53:11+00:00","breadcrumb":{"@id":"https:\/\/kingmkt.com\/fr\/notre-expertise\/#breadcrumb"},"inLanguage":"fr-FR","potentialAction":[{"@type":"ReadAction","target":["https:\/\/kingmkt.com\/fr\/notre-expertise\/"]}]},{"@type":"BreadcrumbList","@id":"https:\/\/kingmkt.com\/fr\/notre-expertise\/#breadcrumb","itemListElement":[{"@type":"ListItem","position":1,"name":"Home","item":"https:\/\/kingmkt.com\/fr\/"},{"@type":"ListItem","position":2,"name":"Notre Expertise"}]},{"@type":"WebSite","@id":"https:\/\/kingmkt.com\/fr\/#website","url":"https:\/\/kingmkt.com\/fr\/","name":"King Marketing","description":"Home Improvement Sales and Merchandising Services","publisher":{"@id":"https:\/\/kingmkt.com\/fr\/#organization"},"potentialAction":[{"@type":"SearchAction","target":{"@type":"EntryPoint","urlTemplate":"https:\/\/kingmkt.com\/fr\/?s={search_term_string}"},"query-input":{"@type":"PropertyValueSpecification","valueRequired":true,"valueName":"search_term_string"}}],"inLanguage":"fr-FR"},{"@type":"Organization","@id":"https:\/\/kingmkt.com\/fr\/#organization","name":"King Marketing","url":"https:\/\/kingmkt.com\/fr\/","logo":{"@type":"ImageObject","inLanguage":"fr-FR","@id":"https:\/\/kingmkt.com\/fr\/#\/schema\/logo\/image\/","url":"https:\/\/kingmkt.com\/wp-content\/uploads\/2024\/07\/KM-Logo-1.png","contentUrl":"https:\/\/kingmkt.com\/wp-content\/uploads\/2024\/07\/KM-Logo-1.png","width":512,"height":512,"caption":"King Marketing"},"image":{"@id":"https:\/\/kingmkt.com\/fr\/#\/schema\/logo\/image\/"},"sameAs":["https:\/\/www.facebook.com\/yourbrandchampion","https:\/\/x.com\/OfficialKingMkt","https:\/\/www.linkedin.com\/company\/king-marketing-ltd\/"]}]}},"_links":{"self":[{"href":"https:\/\/kingmkt.com\/fr\/wp-json\/wp\/v2\/pages\/929","targetHints":{"allow":["GET"]}}],"collection":[{"href":"https:\/\/kingmkt.com\/fr\/wp-json\/wp\/v2\/pages"}],"about":[{"href":"https:\/\/kingmkt.com\/fr\/wp-json\/wp\/v2\/types\/page"}],"author":[{"embeddable":true,"href":"https:\/\/kingmkt.com\/fr\/wp-json\/wp\/v2\/users\/1"}],"replies":[{"embeddable":true,"href":"https:\/\/kingmkt.com\/fr\/wp-json\/wp\/v2\/comments?post=929"}],"version-history":[{"count":9,"href":"https:\/\/kingmkt.com\/fr\/wp-json\/wp\/v2\/pages\/929\/revisions"}],"predecessor-version":[{"id":971,"href":"https:\/\/kingmkt.com\/fr\/wp-json\/wp\/v2\/pages\/929\/revisions\/971"}],"wp:attachment":[{"href":"https:\/\/kingmkt.com\/fr\/wp-json\/wp\/v2\/media?parent=929"}],"curies":[{"name":"wp","href":"https:\/\/api.w.org\/{rel}","templated":true}]}}