{"id":933,"date":"2024-02-21T23:51:13","date_gmt":"2024-02-21T23:51:13","guid":{"rendered":"https:\/\/kingmkt.com\/notre-expertise\/option-dessai-gratuit\/"},"modified":"2024-05-05T04:33:28","modified_gmt":"2024-05-05T04:33:28","slug":"option-dessai-gratuit","status":"publish","type":"page","link":"https:\/\/kingmkt.com\/fr\/notre-expertise\/option-dessai-gratuit\/","title":{"rendered":"Option d&rsquo;essai gratuit"},"content":{"rendered":"<div id='av_section_1'  class='avia-section av-1b0rn-8afb654075c997d91950ac102207b30d alternate_color avia-section-default avia-no-border-styling  avia-builder-el-0  avia-builder-el-no-sibling  tech avia-bg-style-scroll container_wrap fullsize'  ><div class='container av-section-cont-open' ><main  role=\"main\" itemprop=\"mainContentOfPage\"  class='template-page content  av-content-full alpha units'><div class='post-entry post-entry-type-page post-entry-933'><div class='entry-content-wrapper clearfix'>\n<div class='flex_column_table av-ltsxve62-ec56f25a69ea4009f36db4be58bf912c sc-av_three_fifth av-equal-height-column-flextable'><div  class='flex_column av-ltsxve62-ec56f25a69ea4009f36db4be58bf912c av_three_fifth  avia-builder-el-1  el_before_av_two_fifth  avia-builder-el-first  first flex_column_table_cell av-equal-height-column av-align-top  '     ><p>\n<style type=\"text\/css\" data-created_by=\"avia_inline_auto\" id=\"style-css-av-ltsxsglz-7a7e7dd4f0cff1180e3e7e6a3f1a4e34\">\n#top .av-special-heading.av-ltsxsglz-7a7e7dd4f0cff1180e3e7e6a3f1a4e34{\npadding-bottom:10px;\ncolor:#ffffff;\n}\nbody .av-special-heading.av-ltsxsglz-7a7e7dd4f0cff1180e3e7e6a3f1a4e34 .av-special-heading-tag .heading-char{\nfont-size:25px;\n}\n.av-special-heading.av-ltsxsglz-7a7e7dd4f0cff1180e3e7e6a3f1a4e34 .special-heading-inner-border{\nborder-color:#ffffff;\n}\n.av-special-heading.av-ltsxsglz-7a7e7dd4f0cff1180e3e7e6a3f1a4e34 .av-subheading{\nfont-size:15px;\n}\n<\/style>\n<div  class='av-special-heading av-ltsxsglz-7a7e7dd4f0cff1180e3e7e6a3f1a4e34 av-special-heading-h2 custom-color-heading blockquote modern-quote  avia-builder-el-2  el_before_av_textblock  avia-builder-el-first '><h2 class='av-special-heading-tag'  itemprop=\"headline\"  >Essayez nos services de marchandisage GRATUITEMENT<\/h2><div class=\"special-heading-border\"><div class=\"special-heading-inner-border\"><\/div><\/div><\/div><br \/>\n\n<style type=\"text\/css\" data-created_by=\"avia_inline_auto\" id=\"style-css-av-ltsxs4r2-17862f067328b715982a21e54d259342\">\n#top .av_textblock_section.av-ltsxs4r2-17862f067328b715982a21e54d259342 .avia_textblock{\ncolor:#ffffff;\n}\n<\/style>\n<section  class='av_textblock_section av-ltsxs4r2-17862f067328b715982a21e54d259342 '   itemscope=\"itemscope\" itemtype=\"https:\/\/schema.org\/CreativeWork\" ><div class='avia_textblock av_inherit_color'  itemprop=\"text\" ><p>Avec notre essai gratuit et sans obligation de services de marchandisage.<\/p>\n<p>\u00cates-vous un vendeur ou fabricant qui vend ses produits \u00e0 de grandes cha\u00eenes nationales et souhaitez-vous avoir une visibilit\u00e9 sur la performance de vos produits au niveau du magasin ?<\/p>\n<p><strong>Personnalisez votre essai en fonction de vos besoinss:<\/strong><\/p>\n<ul>\n<li>Choisissez votre pr\u00e9sentation<\/li>\n<li>Choisissez vos emplacements<\/li>\n<li>Choisissez vos produits<\/li>\n<\/ul>\n<\/div><\/section><\/p><\/div><div class='av-flex-placeholder'><\/div><div  class='flex_column av-ltsxtbrm-62519e815d47110878a5f2056088d856 av_two_fifth  avia-builder-el-4  el_after_av_three_fifth  avia-builder-el-last  flex_column_table_cell av-equal-height-column av-align-top  '     ><p>\n<style type=\"text\/css\" data-created_by=\"avia_inline_auto\" id=\"style-css-av-ltsxtxzp-32fbc570058894bc8a8b294835405a52\">\n#top .av-special-heading.av-ltsxtxzp-32fbc570058894bc8a8b294835405a52{\npadding-bottom:10px;\ncolor:#ffffff;\n}\nbody .av-special-heading.av-ltsxtxzp-32fbc570058894bc8a8b294835405a52 .av-special-heading-tag .heading-char{\nfont-size:25px;\n}\n.av-special-heading.av-ltsxtxzp-32fbc570058894bc8a8b294835405a52 .special-heading-inner-border{\nborder-color:#ffffff;\n}\n.av-special-heading.av-ltsxtxzp-32fbc570058894bc8a8b294835405a52 .av-subheading{\nfont-size:15px;\n}\n<\/style>\n<div  class='av-special-heading av-ltsxtxzp-32fbc570058894bc8a8b294835405a52 av-special-heading-h3 custom-color-heading blockquote modern-quote modern-centered  avia-builder-el-5  el_before_av_textblock  avia-builder-el-first '><h3 class='av-special-heading-tag'  itemprop=\"headline\"  >Je suis interess\u00e9(e)!<\/h3><div class=\"special-heading-border\"><div class=\"special-heading-inner-border\"><\/div><\/div><\/div><br \/>\n\n<style type=\"text\/css\" data-created_by=\"avia_inline_auto\" id=\"style-css-av-ltsxuejs-48575b9722ec1360d28ea9853aef7427\">\n#top .av_textblock_section.av-ltsxuejs-48575b9722ec1360d28ea9853aef7427 .avia_textblock{\ncolor:#ffffff;\n}\n<\/style>\n<section  class='av_textblock_section av-ltsxuejs-48575b9722ec1360d28ea9853aef7427 '   itemscope=\"itemscope\" itemtype=\"https:\/\/schema.org\/CreativeWork\" ><div class='avia_textblock av_inherit_color'  itemprop=\"text\" ><p>Remplissez les informations ci-dessous afin de solliciter une consultation sur notre essai gratuit personnalis\u00e9.<\/p>\n<\/div><\/section><br \/>\n<\/p><\/div><\/div><!--close column table wrapper. Autoclose: 1 -->\n","protected":false},"excerpt":{"rendered":"","protected":false},"author":1,"featured_media":0,"parent":929,"menu_order":0,"comment_status":"closed","ping_status":"closed","template":"","meta":{"footnotes":""},"class_list":["post-933","page","type-page","status-publish","hentry"],"yoast_head":"<!-- This site is optimized with the Yoast SEO plugin v27.4 - https:\/\/yoast.com\/product\/yoast-seo-wordpress\/ -->\n<title>Option d&#039;essai gratuit - King Marketing<\/title>\n<meta name=\"robots\" content=\"index, follow, max-snippet:-1, max-image-preview:large, max-video-preview:-1\" \/>\n<link rel=\"canonical\" href=\"https:\/\/kingmkt.com\/fr\/notre-expertise\/option-dessai-gratuit\/\" \/>\n<meta property=\"og:locale\" content=\"fr_FR\" \/>\n<meta property=\"og:type\" content=\"article\" \/>\n<meta property=\"og:title\" content=\"Option d&#039;essai gratuit - King Marketing\" \/>\n<meta property=\"og:url\" content=\"https:\/\/kingmkt.com\/fr\/notre-expertise\/option-dessai-gratuit\/\" \/>\n<meta property=\"og:site_name\" content=\"King Marketing\" \/>\n<meta property=\"article:publisher\" content=\"https:\/\/www.facebook.com\/yourbrandchampion\" \/>\n<meta property=\"article:modified_time\" content=\"2024-05-05T04:33:28+00:00\" \/>\n<meta name=\"twitter:card\" content=\"summary_large_image\" \/>\n<meta name=\"twitter:site\" content=\"@OfficialKingMkt\" \/>\n<meta name=\"twitter:label1\" content=\"Dur\u00e9e de lecture estim\u00e9e\" \/>\n\t<meta name=\"twitter:data1\" content=\"9 minutes\" \/>\n<script type=\"application\/ld+json\" class=\"yoast-schema-graph\">{\"@context\":\"https:\\\/\\\/schema.org\",\"@graph\":[{\"@type\":\"WebPage\",\"@id\":\"https:\\\/\\\/kingmkt.com\\\/fr\\\/notre-expertise\\\/option-dessai-gratuit\\\/\",\"url\":\"https:\\\/\\\/kingmkt.com\\\/fr\\\/notre-expertise\\\/option-dessai-gratuit\\\/\",\"name\":\"Option d'essai gratuit - King Marketing\",\"isPartOf\":{\"@id\":\"https:\\\/\\\/kingmkt.com\\\/fr\\\/#website\"},\"datePublished\":\"2024-02-21T23:51:13+00:00\",\"dateModified\":\"2024-05-05T04:33:28+00:00\",\"breadcrumb\":{\"@id\":\"https:\\\/\\\/kingmkt.com\\\/fr\\\/notre-expertise\\\/option-dessai-gratuit\\\/#breadcrumb\"},\"inLanguage\":\"fr-FR\",\"potentialAction\":[{\"@type\":\"ReadAction\",\"target\":[\"https:\\\/\\\/kingmkt.com\\\/fr\\\/notre-expertise\\\/option-dessai-gratuit\\\/\"]}]},{\"@type\":\"BreadcrumbList\",\"@id\":\"https:\\\/\\\/kingmkt.com\\\/fr\\\/notre-expertise\\\/option-dessai-gratuit\\\/#breadcrumb\",\"itemListElement\":[{\"@type\":\"ListItem\",\"position\":1,\"name\":\"Home\",\"item\":\"https:\\\/\\\/kingmkt.com\\\/fr\\\/\"},{\"@type\":\"ListItem\",\"position\":2,\"name\":\"Notre Expertise\",\"item\":\"https:\\\/\\\/kingmkt.com\\\/fr\\\/notre-expertise\\\/\"},{\"@type\":\"ListItem\",\"position\":3,\"name\":\"Option d&#8217;essai gratuit\"}]},{\"@type\":\"WebSite\",\"@id\":\"https:\\\/\\\/kingmkt.com\\\/fr\\\/#website\",\"url\":\"https:\\\/\\\/kingmkt.com\\\/fr\\\/\",\"name\":\"King Marketing\",\"description\":\"Home Improvement Sales and Merchandising Services\",\"publisher\":{\"@id\":\"https:\\\/\\\/kingmkt.com\\\/fr\\\/#organization\"},\"potentialAction\":[{\"@type\":\"SearchAction\",\"target\":{\"@type\":\"EntryPoint\",\"urlTemplate\":\"https:\\\/\\\/kingmkt.com\\\/fr\\\/?s={search_term_string}\"},\"query-input\":{\"@type\":\"PropertyValueSpecification\",\"valueRequired\":true,\"valueName\":\"search_term_string\"}}],\"inLanguage\":\"fr-FR\"},{\"@type\":\"Organization\",\"@id\":\"https:\\\/\\\/kingmkt.com\\\/fr\\\/#organization\",\"name\":\"King Marketing\",\"url\":\"https:\\\/\\\/kingmkt.com\\\/fr\\\/\",\"logo\":{\"@type\":\"ImageObject\",\"inLanguage\":\"fr-FR\",\"@id\":\"https:\\\/\\\/kingmkt.com\\\/fr\\\/#\\\/schema\\\/logo\\\/image\\\/\",\"url\":\"https:\\\/\\\/kingmkt.com\\\/wp-content\\\/uploads\\\/2024\\\/07\\\/KM-Logo-1.png\",\"contentUrl\":\"https:\\\/\\\/kingmkt.com\\\/wp-content\\\/uploads\\\/2024\\\/07\\\/KM-Logo-1.png\",\"width\":512,\"height\":512,\"caption\":\"King Marketing\"},\"image\":{\"@id\":\"https:\\\/\\\/kingmkt.com\\\/fr\\\/#\\\/schema\\\/logo\\\/image\\\/\"},\"sameAs\":[\"https:\\\/\\\/www.facebook.com\\\/yourbrandchampion\",\"https:\\\/\\\/x.com\\\/OfficialKingMkt\",\"https:\\\/\\\/www.linkedin.com\\\/company\\\/king-marketing-ltd\\\/\"]}]}<\/script>\n<!-- \/ Yoast SEO plugin. -->","yoast_head_json":{"title":"Option d'essai gratuit - King Marketing","robots":{"index":"index","follow":"follow","max-snippet":"max-snippet:-1","max-image-preview":"max-image-preview:large","max-video-preview":"max-video-preview:-1"},"canonical":"https:\/\/kingmkt.com\/fr\/notre-expertise\/option-dessai-gratuit\/","og_locale":"fr_FR","og_type":"article","og_title":"Option d'essai gratuit - King Marketing","og_url":"https:\/\/kingmkt.com\/fr\/notre-expertise\/option-dessai-gratuit\/","og_site_name":"King Marketing","article_publisher":"https:\/\/www.facebook.com\/yourbrandchampion","article_modified_time":"2024-05-05T04:33:28+00:00","twitter_card":"summary_large_image","twitter_site":"@OfficialKingMkt","twitter_misc":{"Dur\u00e9e de lecture estim\u00e9e":"9 minutes"},"schema":{"@context":"https:\/\/schema.org","@graph":[{"@type":"WebPage","@id":"https:\/\/kingmkt.com\/fr\/notre-expertise\/option-dessai-gratuit\/","url":"https:\/\/kingmkt.com\/fr\/notre-expertise\/option-dessai-gratuit\/","name":"Option d'essai gratuit - King Marketing","isPartOf":{"@id":"https:\/\/kingmkt.com\/fr\/#website"},"datePublished":"2024-02-21T23:51:13+00:00","dateModified":"2024-05-05T04:33:28+00:00","breadcrumb":{"@id":"https:\/\/kingmkt.com\/fr\/notre-expertise\/option-dessai-gratuit\/#breadcrumb"},"inLanguage":"fr-FR","potentialAction":[{"@type":"ReadAction","target":["https:\/\/kingmkt.com\/fr\/notre-expertise\/option-dessai-gratuit\/"]}]},{"@type":"BreadcrumbList","@id":"https:\/\/kingmkt.com\/fr\/notre-expertise\/option-dessai-gratuit\/#breadcrumb","itemListElement":[{"@type":"ListItem","position":1,"name":"Home","item":"https:\/\/kingmkt.com\/fr\/"},{"@type":"ListItem","position":2,"name":"Notre Expertise","item":"https:\/\/kingmkt.com\/fr\/notre-expertise\/"},{"@type":"ListItem","position":3,"name":"Option d&#8217;essai gratuit"}]},{"@type":"WebSite","@id":"https:\/\/kingmkt.com\/fr\/#website","url":"https:\/\/kingmkt.com\/fr\/","name":"King Marketing","description":"Home Improvement Sales and Merchandising Services","publisher":{"@id":"https:\/\/kingmkt.com\/fr\/#organization"},"potentialAction":[{"@type":"SearchAction","target":{"@type":"EntryPoint","urlTemplate":"https:\/\/kingmkt.com\/fr\/?s={search_term_string}"},"query-input":{"@type":"PropertyValueSpecification","valueRequired":true,"valueName":"search_term_string"}}],"inLanguage":"fr-FR"},{"@type":"Organization","@id":"https:\/\/kingmkt.com\/fr\/#organization","name":"King Marketing","url":"https:\/\/kingmkt.com\/fr\/","logo":{"@type":"ImageObject","inLanguage":"fr-FR","@id":"https:\/\/kingmkt.com\/fr\/#\/schema\/logo\/image\/","url":"https:\/\/kingmkt.com\/wp-content\/uploads\/2024\/07\/KM-Logo-1.png","contentUrl":"https:\/\/kingmkt.com\/wp-content\/uploads\/2024\/07\/KM-Logo-1.png","width":512,"height":512,"caption":"King Marketing"},"image":{"@id":"https:\/\/kingmkt.com\/fr\/#\/schema\/logo\/image\/"},"sameAs":["https:\/\/www.facebook.com\/yourbrandchampion","https:\/\/x.com\/OfficialKingMkt","https:\/\/www.linkedin.com\/company\/king-marketing-ltd\/"]}]}},"_links":{"self":[{"href":"https:\/\/kingmkt.com\/fr\/wp-json\/wp\/v2\/pages\/933","targetHints":{"allow":["GET"]}}],"collection":[{"href":"https:\/\/kingmkt.com\/fr\/wp-json\/wp\/v2\/pages"}],"about":[{"href":"https:\/\/kingmkt.com\/fr\/wp-json\/wp\/v2\/types\/page"}],"author":[{"embeddable":true,"href":"https:\/\/kingmkt.com\/fr\/wp-json\/wp\/v2\/users\/1"}],"replies":[{"embeddable":true,"href":"https:\/\/kingmkt.com\/fr\/wp-json\/wp\/v2\/comments?post=933"}],"version-history":[{"count":1,"href":"https:\/\/kingmkt.com\/fr\/wp-json\/wp\/v2\/pages\/933\/revisions"}],"predecessor-version":[{"id":934,"href":"https:\/\/kingmkt.com\/fr\/wp-json\/wp\/v2\/pages\/933\/revisions\/934"}],"up":[{"embeddable":true,"href":"https:\/\/kingmkt.com\/fr\/wp-json\/wp\/v2\/pages\/929"}],"wp:attachment":[{"href":"https:\/\/kingmkt.com\/fr\/wp-json\/wp\/v2\/media?parent=933"}],"curies":[{"name":"wp","href":"https:\/\/api.w.org\/{rel}","templated":true}]}}