{"id":935,"date":"2024-02-21T23:50:16","date_gmt":"2024-02-21T23:50:16","guid":{"rendered":"https:\/\/kingmkt.com\/notre-expertise\/representation-commerciale-pro\/"},"modified":"2024-08-13T17:43:05","modified_gmt":"2024-08-13T17:43:05","slug":"representation-commerciale-pro","status":"publish","type":"page","link":"https:\/\/kingmkt.com\/fr\/notre-expertise\/representation-commerciale-pro\/","title":{"rendered":"Repr\u00e9sentation Commerciale Pro"},"content":{"rendered":"\n<style type=\"text\/css\" data-created_by=\"avia_inline_auto\" id=\"style-css-av-lts6pspk-6deb26e16850723e87581f18587f6e26\">\n.avia-section.av-lts6pspk-6deb26e16850723e87581f18587f6e26{\nbackground-repeat:no-repeat;\nbackground-image:url(https:\/\/kingmkt.com\/wp-content\/uploads\/2024\/04\/KM-Category-Pro-Sales-Rev-scaled.jpg);\nbackground-position:100% 50%;\nbackground-attachment:scroll;\n}\n.avia-section.av-lts6pspk-6deb26e16850723e87581f18587f6e26 .av-section-color-overlay{\nopacity:0.3;\nbackground-color:#000000;\n}\n<\/style>\n<div id='av_section_1'  class='avia-section av-lts6pspk-6deb26e16850723e87581f18587f6e26 main_color avia-section-default avia-no-border-styling  avia-builder-el-0  el_before_av_section  avia-builder-el-first  page-title avia-full-stretch avia-bg-style-scroll av-section-color-overlay-active av-minimum-height av-minimum-height-75 av-height-75  container_wrap fullsize'  data-section-bg-repeat='stretch' data-av_minimum_height_pc='75' data-av_min_height_opt='75'><div class=\"av-section-color-overlay-wrap\"><div class=\"av-section-color-overlay\"><\/div><div class='container av-section-cont-open' ><main  role=\"main\" itemprop=\"mainContentOfPage\"  class='template-page content  av-content-full alpha units'><div class='post-entry post-entry-type-page post-entry-935'><div class='entry-content-wrapper clearfix'>\n<div  class='flex_column av-hbvl5-702d3c720b11f3d40deade121231e335 av_one_half  avia-builder-el-1  avia-builder-el-no-sibling  first flex_column_div  '     ><style type=\"text\/css\" data-created_by=\"avia_inline_auto\" id=\"style-css-av-lts6qdzz-c82c2484c12bd8352cb309176132a416\">\n#top .av-special-heading.av-lts6qdzz-c82c2484c12bd8352cb309176132a416{\npadding-bottom:10px;\ncolor:#ffffff;\n}\nbody .av-special-heading.av-lts6qdzz-c82c2484c12bd8352cb309176132a416 .av-special-heading-tag .heading-char{\nfont-size:25px;\n}\n.av-special-heading.av-lts6qdzz-c82c2484c12bd8352cb309176132a416 .special-heading-inner-border{\nborder-color:#ffffff;\n}\n.av-special-heading.av-lts6qdzz-c82c2484c12bd8352cb309176132a416 .av-subheading{\nfont-size:15px;\n}\n<\/style>\n<div  class='av-special-heading av-lts6qdzz-c82c2484c12bd8352cb309176132a416 av-special-heading-h1 custom-color-heading blockquote modern-quote  avia-builder-el-2  avia-builder-el-no-sibling '><h1 class='av-special-heading-tag'  itemprop=\"headline\"  >Vente professionnelle<br \/>Repr\u00e9sentation<\/h1><div class=\"special-heading-border\"><div class=\"special-heading-inner-border\"><\/div><\/div><\/div><\/div>\n\n<\/div><\/div><\/main><!-- close content main element --><\/div><\/div><\/div><div id='av_section_2'  class='avia-section av-h0hh9-03409873f754cc1f729f704c7e1b74d0 main_color avia-section-default avia-no-border-styling  avia-builder-el-3  el_after_av_section  el_before_av_textblock  gray avia-bg-style-scroll container_wrap fullsize'  ><div class='container av-section-cont-open' ><div class='template-page content  av-content-full alpha units'><div class='post-entry post-entry-type-page post-entry-935'><div class='entry-content-wrapper clearfix'>\n<div  class='flex_column av-g71wt-497d094e157723195a0357d620e14ccf av_four_fifth  avia-builder-el-4  avia-builder-el-no-sibling  first flex_column_div  '     ><style type=\"text\/css\" data-created_by=\"avia_inline_auto\" id=\"style-css-av-lts6qsoz-e95c6b4b4d728bca65cd1deb0531f7b2\">\n#top .av-special-heading.av-lts6qsoz-e95c6b4b4d728bca65cd1deb0531f7b2{\npadding-bottom:10px;\n}\nbody .av-special-heading.av-lts6qsoz-e95c6b4b4d728bca65cd1deb0531f7b2 .av-special-heading-tag .heading-char{\nfont-size:25px;\n}\n.av-special-heading.av-lts6qsoz-e95c6b4b4d728bca65cd1deb0531f7b2 .av-subheading{\nfont-size:15px;\n}\n<\/style>\n<div  class='av-special-heading av-lts6qsoz-e95c6b4b4d728bca65cd1deb0531f7b2 av-special-heading-h2 blockquote modern-quote  avia-builder-el-5  avia-builder-el-no-sibling '><h2 class='av-special-heading-tag'  itemprop=\"headline\"  >King offre une repr\u00e9sentation professionnelle exclusive en utilisant des professionnels chevronn\u00e9s et des sp\u00e9cialistes des applications pour augmenter les ventes dans les canaux Pro et Trade. Augmentez l\u2019exposition de votre marque et le volume des ventes avec les repr\u00e9sentants de King qui travaillent pour vous.<\/h2><div class=\"special-heading-border\"><div class=\"special-heading-inner-border\"><\/div><\/div><\/div><\/div>\n<\/div><\/div><\/div><!-- close content main div --><\/div><\/div><div id='after_section_2'  class='main_color av_default_container_wrap container_wrap fullsize'  ><div class='container av-section-cont-open' ><div class='template-page content  av-content-full alpha units'><div class='post-entry post-entry-type-page post-entry-935'><div class='entry-content-wrapper clearfix'>\n<section  class='av_textblock_section av-lzspgx6g-3d79e7846dbbd5835dc383d4e27caf5f '   itemscope=\"itemscope\" itemtype=\"https:\/\/schema.org\/CreativeWork\" ><div class='avia_textblock'  itemprop=\"text\" ><p>Notre division Pro est dirig\u00e9e par Joel Broughton, un v\u00e9t\u00e9ran de 25 ans chez King Marketing. L\u2019\u00e9quipe de Joel, compos\u00e9e de repr\u00e9sentants d\u00e9vou\u00e9s, travaille avec nos fabricants qui ciblent les distributeurs industriels, commerciaux et sp\u00e9cialis\u00e9s. Ils collaborent \u00e9galement avec les fabricants d&rsquo;\u00e9quipements d&rsquo;origine (OEM) ainsi que les constructeurs. Leur travail repose sur deux principes fondamentaux    <\/p>\n<ul>\n<li>Une connaissance approfondie des produits qu&rsquo;ils repr\u00e9sentent, tout en connaissant les produits des concurrents comme s&rsquo;ils \u00e9taient les leurs.<\/li>\n<li>Entretenir des relations personnelles \u00e9troites avec les clients avec lesquels ils travaillent et, en fin de compte, \u00e0 qui ils vendent.<\/li>\n<\/ul>\n<p> Nos repr\u00e9sentants professionnels sont des guerriers de la route d\u00e9vou\u00e9s, qui passent les appels n\u00e9cessaires pour que les produits des fabricants repr\u00e9sent\u00e9s soient mis entre les mains de l&rsquo;utilisateur final. Nous s\u00e9lectionnons notre gamme de produits pour nous assurer que nous vendons les produits les plus performants sur lesquels nous pouvons mettre la main. Les repr\u00e9sentants se rendent sur les chantiers pour faire la d\u00e9monstration des produits aux clients existants et potentiels. Ils ouvrent des centres de service pour les entreprises qui ont besoin d&rsquo;un entretien local des outils. Ils participent \u00e0 des salons professionnels destin\u00e9s aux entrepreneurs au niveau local, mais aussi au niveau international, comme les salons de la Specialty Tools and Fasteners Distributors Association (STAFDA) et du World of Concrete (WOC).<\/p>\n<\/div><\/section>\n<\/div><\/div><\/div><!-- close content main div --><\/div><\/div>\n<style type=\"text\/css\" data-created_by=\"avia_inline_auto\" id=\"style-css-av-lts79lbw-1dc9dafeb1ac1b7b19e2130611c04945\">\n.avia-section.av-lts79lbw-1dc9dafeb1ac1b7b19e2130611c04945{\nmargin-top:70px;\nmargin-bottom:70px;\n}\n<\/style>\n<div id='av_section_3'  class='avia-section av-lts79lbw-1dc9dafeb1ac1b7b19e2130611c04945 alternate_color avia-section-default avia-no-border-styling  avia-builder-el-7  el_after_av_textblock  avia-builder-el-last  blue avia-bg-style-scroll container_wrap fullsize'  ><div class='container av-section-cont-open' ><div class='template-page content  av-content-full alpha units'><div class='post-entry post-entry-type-page post-entry-935'><div class='entry-content-wrapper clearfix'>\n\n<style type=\"text\/css\" data-created_by=\"avia_inline_auto\" id=\"style-css-av-lts6xzn4-2d08f524e6e843cd5b7c5288cc2d1477\">\n#top .av-special-heading.av-lts6xzn4-2d08f524e6e843cd5b7c5288cc2d1477{\npadding-bottom:70px;\ncolor:#ffffff;\n}\nbody .av-special-heading.av-lts6xzn4-2d08f524e6e843cd5b7c5288cc2d1477 .av-special-heading-tag .heading-char{\nfont-size:25px;\n}\n.av-special-heading.av-lts6xzn4-2d08f524e6e843cd5b7c5288cc2d1477 .special-heading-inner-border{\nborder-color:#ffffff;\n}\n.av-special-heading.av-lts6xzn4-2d08f524e6e843cd5b7c5288cc2d1477 .av-subheading{\nfont-size:15px;\n}\n<\/style>\n<div  class='av-special-heading av-lts6xzn4-2d08f524e6e843cd5b7c5288cc2d1477 av-special-heading-h2 custom-color-heading blockquote modern-quote modern-centered  avia-builder-el-8  el_before_av_sidebar  avia-builder-el-first '><h2 class='av-special-heading-tag'  itemprop=\"headline\"  >Contactez-nous pour plus d\u2019informations sur les ventes Pro<\/h2><div class=\"special-heading-border\"><div class=\"special-heading-inner-border\"><\/div><\/div><\/div>\n\n\n","protected":false},"excerpt":{"rendered":"","protected":false},"author":1,"featured_media":0,"parent":929,"menu_order":0,"comment_status":"closed","ping_status":"closed","template":"","meta":{"footnotes":""},"class_list":["post-935","page","type-page","status-publish","hentry"],"yoast_head":"<!-- This site is optimized with the Yoast SEO plugin v27.4 - https:\/\/yoast.com\/product\/yoast-seo-wordpress\/ -->\n<title>Repr\u00e9sentation Commerciale Pro - King Marketing<\/title>\n<meta name=\"robots\" content=\"index, follow, max-snippet:-1, max-image-preview:large, max-video-preview:-1\" \/>\n<link rel=\"canonical\" href=\"https:\/\/kingmkt.com\/fr\/notre-expertise\/representation-commerciale-pro\/\" \/>\n<meta property=\"og:locale\" content=\"fr_FR\" \/>\n<meta property=\"og:type\" content=\"article\" \/>\n<meta property=\"og:title\" content=\"Repr\u00e9sentation Commerciale Pro - King Marketing\" \/>\n<meta property=\"og:url\" content=\"https:\/\/kingmkt.com\/fr\/notre-expertise\/representation-commerciale-pro\/\" \/>\n<meta property=\"og:site_name\" content=\"King Marketing\" \/>\n<meta property=\"article:publisher\" content=\"https:\/\/www.facebook.com\/yourbrandchampion\" \/>\n<meta property=\"article:modified_time\" content=\"2024-08-13T17:43:05+00:00\" \/>\n<meta name=\"twitter:card\" content=\"summary_large_image\" \/>\n<meta name=\"twitter:site\" content=\"@OfficialKingMkt\" \/>\n<meta name=\"twitter:label1\" content=\"Dur\u00e9e de lecture estim\u00e9e\" \/>\n\t<meta name=\"twitter:data1\" content=\"14 minutes\" \/>\n<script type=\"application\/ld+json\" class=\"yoast-schema-graph\">{\"@context\":\"https:\\\/\\\/schema.org\",\"@graph\":[{\"@type\":\"WebPage\",\"@id\":\"https:\\\/\\\/kingmkt.com\\\/fr\\\/notre-expertise\\\/representation-commerciale-pro\\\/\",\"url\":\"https:\\\/\\\/kingmkt.com\\\/fr\\\/notre-expertise\\\/representation-commerciale-pro\\\/\",\"name\":\"Repr\u00e9sentation Commerciale Pro - King Marketing\",\"isPartOf\":{\"@id\":\"https:\\\/\\\/kingmkt.com\\\/fr\\\/#website\"},\"datePublished\":\"2024-02-21T23:50:16+00:00\",\"dateModified\":\"2024-08-13T17:43:05+00:00\",\"breadcrumb\":{\"@id\":\"https:\\\/\\\/kingmkt.com\\\/fr\\\/notre-expertise\\\/representation-commerciale-pro\\\/#breadcrumb\"},\"inLanguage\":\"fr-FR\",\"potentialAction\":[{\"@type\":\"ReadAction\",\"target\":[\"https:\\\/\\\/kingmkt.com\\\/fr\\\/notre-expertise\\\/representation-commerciale-pro\\\/\"]}]},{\"@type\":\"BreadcrumbList\",\"@id\":\"https:\\\/\\\/kingmkt.com\\\/fr\\\/notre-expertise\\\/representation-commerciale-pro\\\/#breadcrumb\",\"itemListElement\":[{\"@type\":\"ListItem\",\"position\":1,\"name\":\"Home\",\"item\":\"https:\\\/\\\/kingmkt.com\\\/fr\\\/\"},{\"@type\":\"ListItem\",\"position\":2,\"name\":\"Notre Expertise\",\"item\":\"https:\\\/\\\/kingmkt.com\\\/fr\\\/notre-expertise\\\/\"},{\"@type\":\"ListItem\",\"position\":3,\"name\":\"Repr\u00e9sentation Commerciale Pro\"}]},{\"@type\":\"WebSite\",\"@id\":\"https:\\\/\\\/kingmkt.com\\\/fr\\\/#website\",\"url\":\"https:\\\/\\\/kingmkt.com\\\/fr\\\/\",\"name\":\"King Marketing\",\"description\":\"Home Improvement Sales and Merchandising Services\",\"publisher\":{\"@id\":\"https:\\\/\\\/kingmkt.com\\\/fr\\\/#organization\"},\"potentialAction\":[{\"@type\":\"SearchAction\",\"target\":{\"@type\":\"EntryPoint\",\"urlTemplate\":\"https:\\\/\\\/kingmkt.com\\\/fr\\\/?s={search_term_string}\"},\"query-input\":{\"@type\":\"PropertyValueSpecification\",\"valueRequired\":true,\"valueName\":\"search_term_string\"}}],\"inLanguage\":\"fr-FR\"},{\"@type\":\"Organization\",\"@id\":\"https:\\\/\\\/kingmkt.com\\\/fr\\\/#organization\",\"name\":\"King Marketing\",\"url\":\"https:\\\/\\\/kingmkt.com\\\/fr\\\/\",\"logo\":{\"@type\":\"ImageObject\",\"inLanguage\":\"fr-FR\",\"@id\":\"https:\\\/\\\/kingmkt.com\\\/fr\\\/#\\\/schema\\\/logo\\\/image\\\/\",\"url\":\"https:\\\/\\\/kingmkt.com\\\/wp-content\\\/uploads\\\/2024\\\/07\\\/KM-Logo-1.png\",\"contentUrl\":\"https:\\\/\\\/kingmkt.com\\\/wp-content\\\/uploads\\\/2024\\\/07\\\/KM-Logo-1.png\",\"width\":512,\"height\":512,\"caption\":\"King Marketing\"},\"image\":{\"@id\":\"https:\\\/\\\/kingmkt.com\\\/fr\\\/#\\\/schema\\\/logo\\\/image\\\/\"},\"sameAs\":[\"https:\\\/\\\/www.facebook.com\\\/yourbrandchampion\",\"https:\\\/\\\/x.com\\\/OfficialKingMkt\",\"https:\\\/\\\/www.linkedin.com\\\/company\\\/king-marketing-ltd\\\/\"]}]}<\/script>\n<!-- \/ Yoast SEO plugin. -->","yoast_head_json":{"title":"Repr\u00e9sentation Commerciale Pro - King Marketing","robots":{"index":"index","follow":"follow","max-snippet":"max-snippet:-1","max-image-preview":"max-image-preview:large","max-video-preview":"max-video-preview:-1"},"canonical":"https:\/\/kingmkt.com\/fr\/notre-expertise\/representation-commerciale-pro\/","og_locale":"fr_FR","og_type":"article","og_title":"Repr\u00e9sentation Commerciale Pro - King Marketing","og_url":"https:\/\/kingmkt.com\/fr\/notre-expertise\/representation-commerciale-pro\/","og_site_name":"King Marketing","article_publisher":"https:\/\/www.facebook.com\/yourbrandchampion","article_modified_time":"2024-08-13T17:43:05+00:00","twitter_card":"summary_large_image","twitter_site":"@OfficialKingMkt","twitter_misc":{"Dur\u00e9e de lecture estim\u00e9e":"14 minutes"},"schema":{"@context":"https:\/\/schema.org","@graph":[{"@type":"WebPage","@id":"https:\/\/kingmkt.com\/fr\/notre-expertise\/representation-commerciale-pro\/","url":"https:\/\/kingmkt.com\/fr\/notre-expertise\/representation-commerciale-pro\/","name":"Repr\u00e9sentation Commerciale Pro - King Marketing","isPartOf":{"@id":"https:\/\/kingmkt.com\/fr\/#website"},"datePublished":"2024-02-21T23:50:16+00:00","dateModified":"2024-08-13T17:43:05+00:00","breadcrumb":{"@id":"https:\/\/kingmkt.com\/fr\/notre-expertise\/representation-commerciale-pro\/#breadcrumb"},"inLanguage":"fr-FR","potentialAction":[{"@type":"ReadAction","target":["https:\/\/kingmkt.com\/fr\/notre-expertise\/representation-commerciale-pro\/"]}]},{"@type":"BreadcrumbList","@id":"https:\/\/kingmkt.com\/fr\/notre-expertise\/representation-commerciale-pro\/#breadcrumb","itemListElement":[{"@type":"ListItem","position":1,"name":"Home","item":"https:\/\/kingmkt.com\/fr\/"},{"@type":"ListItem","position":2,"name":"Notre Expertise","item":"https:\/\/kingmkt.com\/fr\/notre-expertise\/"},{"@type":"ListItem","position":3,"name":"Repr\u00e9sentation Commerciale Pro"}]},{"@type":"WebSite","@id":"https:\/\/kingmkt.com\/fr\/#website","url":"https:\/\/kingmkt.com\/fr\/","name":"King Marketing","description":"Home Improvement Sales and Merchandising Services","publisher":{"@id":"https:\/\/kingmkt.com\/fr\/#organization"},"potentialAction":[{"@type":"SearchAction","target":{"@type":"EntryPoint","urlTemplate":"https:\/\/kingmkt.com\/fr\/?s={search_term_string}"},"query-input":{"@type":"PropertyValueSpecification","valueRequired":true,"valueName":"search_term_string"}}],"inLanguage":"fr-FR"},{"@type":"Organization","@id":"https:\/\/kingmkt.com\/fr\/#organization","name":"King Marketing","url":"https:\/\/kingmkt.com\/fr\/","logo":{"@type":"ImageObject","inLanguage":"fr-FR","@id":"https:\/\/kingmkt.com\/fr\/#\/schema\/logo\/image\/","url":"https:\/\/kingmkt.com\/wp-content\/uploads\/2024\/07\/KM-Logo-1.png","contentUrl":"https:\/\/kingmkt.com\/wp-content\/uploads\/2024\/07\/KM-Logo-1.png","width":512,"height":512,"caption":"King Marketing"},"image":{"@id":"https:\/\/kingmkt.com\/fr\/#\/schema\/logo\/image\/"},"sameAs":["https:\/\/www.facebook.com\/yourbrandchampion","https:\/\/x.com\/OfficialKingMkt","https:\/\/www.linkedin.com\/company\/king-marketing-ltd\/"]}]}},"_links":{"self":[{"href":"https:\/\/kingmkt.com\/fr\/wp-json\/wp\/v2\/pages\/935","targetHints":{"allow":["GET"]}}],"collection":[{"href":"https:\/\/kingmkt.com\/fr\/wp-json\/wp\/v2\/pages"}],"about":[{"href":"https:\/\/kingmkt.com\/fr\/wp-json\/wp\/v2\/types\/page"}],"author":[{"embeddable":true,"href":"https:\/\/kingmkt.com\/fr\/wp-json\/wp\/v2\/users\/1"}],"replies":[{"embeddable":true,"href":"https:\/\/kingmkt.com\/fr\/wp-json\/wp\/v2\/comments?post=935"}],"version-history":[{"count":5,"href":"https:\/\/kingmkt.com\/fr\/wp-json\/wp\/v2\/pages\/935\/revisions"}],"predecessor-version":[{"id":1346,"href":"https:\/\/kingmkt.com\/fr\/wp-json\/wp\/v2\/pages\/935\/revisions\/1346"}],"up":[{"embeddable":true,"href":"https:\/\/kingmkt.com\/fr\/wp-json\/wp\/v2\/pages\/929"}],"wp:attachment":[{"href":"https:\/\/kingmkt.com\/fr\/wp-json\/wp\/v2\/media?parent=935"}],"curies":[{"name":"wp","href":"https:\/\/api.w.org\/{rel}","templated":true}]}}